{"id":5964,"date":"2020-09-20T01:29:45","date_gmt":"2020-09-19T23:29:45","guid":{"rendered":"https:\/\/cienfuegos.fr\/?post_type=product&#038;p=5964"},"modified":"2020-09-20T01:29:45","modified_gmt":"2020-09-19T23:29:45","slug":"triste-solitario-y-final","status":"publish","type":"product","link":"https:\/\/cienfuegos.fr\/index.php\/product\/triste-solitario-y-final\/","title":{"rendered":"Triste, solitario y final"},"content":{"rendered":"","protected":false},"excerpt":{"rendered":"<p>Autor: Soriano, Osvaldo<br \/>\nEditorial: Corregidor<br \/>\nA\u00f1o de publicaci\u00f3n:<br \/>\nN\u00famero de p\u00e1ginas:<br \/>\nI.S.B.N:<\/p>\n<p>Ediciones Corregidor, Buenos Aires, 1976. Condici\u00f3n: Muy bueno. 175 p\u00e1ginas. \u00abTRISTE, SOLITARIO Y FINAL es, a la vez que una desmitificaci\u00f3n de la sociedad norteamericana, una ironizaci\u00f3n y lucha contra el lenguaje de la dependencia cultural en los medios masivos de comunicaci\u00f3n impuesto a nuestra Am\u00e9rica.\u00bb (Menci\u00f3n de Ariel Dorfman como jurado del concurso de Casa de las Am\u00e9ricas, La Habana, Cuba, 1973.) \u00abTr\u00e1gica, c\u00f3mica, nost\u00e1lgica, TRISTE, SOLITARIO Y FINAL es un relato admirable que oscila entre la novela negra y el cine mudo, tal como deb\u00eda ser, porque a una a el Gordo y el Flaco con Marlowe y a Soriano con los tres. La historia oculta de la novela es el fracaso: el de Oliver, el de Stan, Marlowe ?que es tomado en su decadencia? y la de un periodista argentino que termina en los aleda\u00f1os de Hollywood sin saber muy bien por qu\u00e9 est\u00e1 alli, mientras enfrenta la muerte.\u00bb (Marcelo Pichon Rivi\u00e9re, \u00abPanorama\u00bb).<\/p>\n","protected":false},"featured_media":5919,"comment_status":"open","ping_status":"closed","template":"","meta":[],"class_list":{"0":"post-5964","1":"product","2":"type-product","3":"status-publish","4":"has-post-thumbnail","6":"product_cat-narrativa","7":"post","9":"first","10":"instock","11":"taxable","12":"shipping-taxable","13":"purchasable","14":"product-type-simple"},"_links":{"self":[{"href":"https:\/\/cienfuegos.fr\/index.php\/wp-json\/wp\/v2\/product\/5964","targetHints":{"allow":["GET"]}}],"collection":[{"href":"https:\/\/cienfuegos.fr\/index.php\/wp-json\/wp\/v2\/product"}],"about":[{"href":"https:\/\/cienfuegos.fr\/index.php\/wp-json\/wp\/v2\/types\/product"}],"replies":[{"embeddable":true,"href":"https:\/\/cienfuegos.fr\/index.php\/wp-json\/wp\/v2\/comments?post=5964"}],"wp:featuredmedia":[{"embeddable":true,"href":"https:\/\/cienfuegos.fr\/index.php\/wp-json\/wp\/v2\/media\/5919"}],"wp:attachment":[{"href":"https:\/\/cienfuegos.fr\/index.php\/wp-json\/wp\/v2\/media?parent=5964"}],"curies":[{"name":"wp","href":"https:\/\/api.w.org\/{rel}","templated":true}]}}