{"id":5942,"date":"2020-09-20T00:57:36","date_gmt":"2020-09-19T22:57:36","guid":{"rendered":"https:\/\/cienfuegos.fr\/?post_type=product&#038;p=5942"},"modified":"2020-09-20T00:59:23","modified_gmt":"2020-09-19T22:59:23","slug":"cuentos-y-novelas-i","status":"publish","type":"product","link":"https:\/\/cienfuegos.fr\/index.php\/product\/cuentos-y-novelas-i\/","title":{"rendered":"Cuentos y novelas I"},"content":{"rendered":"","protected":false},"excerpt":{"rendered":"<p>Autor: Tiz\u00f3n, H\u00e9ctor<br \/>\nEditorial: Perfil<br \/>\nA\u00f1o de publicaci\u00f3n:<br \/>\nN\u00famero de p\u00e1ginas:<br \/>\nI.S.B.N:<br \/>\nTiz\u00f3n, autor de una obra cuya po\u00e9tica esta fuertemente vinculada con su tierra, y cuyos temas, seg\u00fan comenta en el prologo de esta antolog\u00eda, han sido la piedad, la muerte, el amor y el tiempo, ha seleccionado para este tomo una serie de cuentos y dos de sus novelas \u00abFuego en Casabindo\u00bb (1969) y \u00abEl cantar del profeta y el bandido\u00bb (1972). 540 P\u00e1ginas.<\/p>\n","protected":false},"featured_media":0,"comment_status":"open","ping_status":"closed","template":"","meta":[],"class_list":{"0":"post-5942","1":"product","2":"type-product","3":"status-publish","5":"product_cat-narrativa","6":"post","8":"first","9":"instock","10":"taxable","11":"shipping-taxable","12":"purchasable","13":"product-type-simple"},"_links":{"self":[{"href":"https:\/\/cienfuegos.fr\/index.php\/wp-json\/wp\/v2\/product\/5942","targetHints":{"allow":["GET"]}}],"collection":[{"href":"https:\/\/cienfuegos.fr\/index.php\/wp-json\/wp\/v2\/product"}],"about":[{"href":"https:\/\/cienfuegos.fr\/index.php\/wp-json\/wp\/v2\/types\/product"}],"replies":[{"embeddable":true,"href":"https:\/\/cienfuegos.fr\/index.php\/wp-json\/wp\/v2\/comments?post=5942"}],"wp:attachment":[{"href":"https:\/\/cienfuegos.fr\/index.php\/wp-json\/wp\/v2\/media?parent=5942"}],"curies":[{"name":"wp","href":"https:\/\/api.w.org\/{rel}","templated":true}]}}