{"id":5940,"date":"2020-09-20T00:54:28","date_gmt":"2020-09-19T22:54:28","guid":{"rendered":"https:\/\/cienfuegos.fr\/?post_type=product&#038;p=5940"},"modified":"2020-09-20T00:54:28","modified_gmt":"2020-09-19T22:54:28","slug":"tecnicas-de-iluminacion","status":"publish","type":"product","link":"https:\/\/cienfuegos.fr\/index.php\/product\/tecnicas-de-iluminacion\/","title":{"rendered":"T\u00e9cnicas de iluminaci\u00f3n"},"content":{"rendered":"","protected":false},"excerpt":{"rendered":"<p>Autor: Tiz\u00f3n, Eloy<br \/>\nEditorial: P\u00e1ginas de espuma<br \/>\nA\u00f1o de publicaci\u00f3n:<br \/>\nN\u00famero de p\u00e1ginas:<br \/>\nI.S.B.N:<\/p>\n<p>\u00bfQu\u00e9 ocurri\u00f3 realmente en la fiesta celebrada anoche? \u00bfHubo alguna v\u00edctima? \u00bfQu\u00e9 contiene la caja que nuestro jefe nos entrega en secreto, pidi\u00e9ndonos que no la abramos, y dentro de la cual se detecta una agitaci\u00f3n, un m\u00ednimo llanto? \u00bfSer\u00e1 un ser vivo o un mecanismo de relojer\u00eda? \u00bfQui\u00e9n es \u00abesa otra persona que no nos interesa\u00bb, que suele aparecer en las relaciones de pareja casi siempre adosada al ser amado y de la que es imposible librarse? \u00bfDe qu\u00e9 clase de apocalipsis huye esa familia que abandona la ciudad con lo puesto y termina vagando perdida por el bosque? En todos estos relatos hay un reverso de sombra, un v\u00e9rtice de silencio, algo que no se nombra directamente pero que es una invitaci\u00f3n al lector para que se sumerja y participe en la construcci\u00f3n del sentido. Para que intervenga en la extra\u00f1a normalidad de estos diez sue\u00f1os, y pueda encontrar un poco de claridad o un lapicero contra la desdicha. P\u00e1ginas que resplandecen con luz propia. T\u00e9cnicas de iluminaci\u00f3n.<\/p>\n","protected":false},"featured_media":5911,"comment_status":"open","ping_status":"closed","template":"","meta":[],"class_list":{"0":"post-5940","1":"product","2":"type-product","3":"status-publish","4":"has-post-thumbnail","6":"product_cat-narrativa","7":"post","9":"first","10":"instock","11":"taxable","12":"shipping-taxable","13":"purchasable","14":"product-type-simple"},"_links":{"self":[{"href":"https:\/\/cienfuegos.fr\/index.php\/wp-json\/wp\/v2\/product\/5940","targetHints":{"allow":["GET"]}}],"collection":[{"href":"https:\/\/cienfuegos.fr\/index.php\/wp-json\/wp\/v2\/product"}],"about":[{"href":"https:\/\/cienfuegos.fr\/index.php\/wp-json\/wp\/v2\/types\/product"}],"replies":[{"embeddable":true,"href":"https:\/\/cienfuegos.fr\/index.php\/wp-json\/wp\/v2\/comments?post=5940"}],"wp:featuredmedia":[{"embeddable":true,"href":"https:\/\/cienfuegos.fr\/index.php\/wp-json\/wp\/v2\/media\/5911"}],"wp:attachment":[{"href":"https:\/\/cienfuegos.fr\/index.php\/wp-json\/wp\/v2\/media?parent=5940"}],"curies":[{"name":"wp","href":"https:\/\/api.w.org\/{rel}","templated":true}]}}