{"id":5938,"date":"2020-09-20T00:52:37","date_gmt":"2020-09-19T22:52:37","guid":{"rendered":"https:\/\/cienfuegos.fr\/?post_type=product&#038;p=5938"},"modified":"2020-09-20T01:00:28","modified_gmt":"2020-09-19T23:00:28","slug":"la-voz-cantante","status":"publish","type":"product","link":"https:\/\/cienfuegos.fr\/index.php\/product\/la-voz-cantante\/","title":{"rendered":"La voz cantante"},"content":{"rendered":"","protected":false},"excerpt":{"rendered":"<p>Autor: Tiz\u00f3n, Eloy<br \/>\nEditorial: Anagrama<br \/>\nA\u00f1o de publicaci\u00f3n:<br \/>\nN\u00famero de p\u00e1ginas:<br \/>\nI.S.B.N:<\/p>\n<p>Un martes al mediod\u00eda, en un vag\u00f3n de metro, el profesor Gabriel Endel ve al diablo, Lucifer en persona, como un pasajero m\u00e1s, mezclado entre los viajeros. Est\u00e1 seguro de ello. Lo sabe porque ya le ha visto antes, en distintas ocasiones, a lo largo de su vida. A partir de ese encuentro, Gabriel Endel hace el recuento de las veces que el diablo, adoptando diferentes m\u00e1scaras y disfraces, se ha inmiscuido en sus asuntos. El protagonista retrocede hasta su infancia, visita a sus abuelos en una granja perdida, se enamora de una gallina huidiza, camina por una cornisa con los ojos vendados, sobrevive a un accidente, salva la vida por poco., para finalmente centrarse en su historia de amor con M\u00f3nica Friser, en la cual tambi\u00e9n descubre que hubo un trasfondo diab\u00f3lico que complic\u00f3 su vida y que ha hecho de \u00e9l lo que hoy es: un solitario. Una novela que nos habla del mal cotidiano, en min\u00fascula, ese mal que todos ejercemos a diario contra los dem\u00e1s o contra nosotros mismos. Otra forma de narrar, una novela distinta que reafirma la voz de Eloy Tiz\u00f3n.<\/p>\n","protected":false},"featured_media":5910,"comment_status":"open","ping_status":"closed","template":"","meta":[],"class_list":{"0":"post-5938","1":"product","2":"type-product","3":"status-publish","4":"has-post-thumbnail","6":"product_cat-narrativa","7":"post","9":"first","10":"instock","11":"taxable","12":"shipping-taxable","13":"purchasable","14":"product-type-simple"},"_links":{"self":[{"href":"https:\/\/cienfuegos.fr\/index.php\/wp-json\/wp\/v2\/product\/5938","targetHints":{"allow":["GET"]}}],"collection":[{"href":"https:\/\/cienfuegos.fr\/index.php\/wp-json\/wp\/v2\/product"}],"about":[{"href":"https:\/\/cienfuegos.fr\/index.php\/wp-json\/wp\/v2\/types\/product"}],"replies":[{"embeddable":true,"href":"https:\/\/cienfuegos.fr\/index.php\/wp-json\/wp\/v2\/comments?post=5938"}],"wp:featuredmedia":[{"embeddable":true,"href":"https:\/\/cienfuegos.fr\/index.php\/wp-json\/wp\/v2\/media\/5910"}],"wp:attachment":[{"href":"https:\/\/cienfuegos.fr\/index.php\/wp-json\/wp\/v2\/media?parent=5938"}],"curies":[{"name":"wp","href":"https:\/\/api.w.org\/{rel}","templated":true}]}}