{"id":5934,"date":"2020-09-20T00:46:25","date_gmt":"2020-09-19T22:46:25","guid":{"rendered":"https:\/\/cienfuegos.fr\/?post_type=product&#038;p=5934"},"modified":"2020-09-20T00:46:25","modified_gmt":"2020-09-19T22:46:25","slug":"labia","status":"publish","type":"product","link":"https:\/\/cienfuegos.fr\/index.php\/product\/labia\/","title":{"rendered":"Labia"},"content":{"rendered":"","protected":false},"excerpt":{"rendered":"<p>Autor: Tiz\u00f3n, Eloy<br \/>\nEditorial: Anagrama<br \/>\nA\u00f1o de publicaci\u00f3n:<br \/>\nN\u00famero de p\u00e1ginas:<br \/>\nI.S.B.N:<\/p>\n<p>\u00c9ste es un libro de voces, una polifon\u00eda de voces que cuentan historias a trav\u00e9s de las que el joven protagonista conocer\u00e1 la existencia de una peque\u00f1a papeler\u00eda de barrio en el Madrid de los a\u00f1os 70, dirigida por tres hermanas \u00ablist\u00edsimas\u00bb, una de las cuales le ense\u00f1a caligraf\u00eda y le cuenta una historia medieval; adem\u00e1s asistir\u00e1 a unas clases particulares de dibujo y pintura impartidas por el profesor Linaza, sabr\u00e1 de los apuros que pasa un pintor en Par\u00eds, v\u00edctima de una conspiraci\u00f3n de boy scouts, y del diminuto \u00d3scar, que no pod\u00eda crecer. Un libro emocionante que consagra definitivamente al autor como una de las voces m\u00e1s personales y sugerentes de la narrativa actual.<\/p>\n","protected":false},"featured_media":5908,"comment_status":"open","ping_status":"closed","template":"","meta":[],"class_list":{"0":"post-5934","1":"product","2":"type-product","3":"status-publish","4":"has-post-thumbnail","6":"product_cat-narrativa","7":"post","9":"first","10":"instock","11":"taxable","12":"shipping-taxable","13":"purchasable","14":"product-type-simple"},"_links":{"self":[{"href":"https:\/\/cienfuegos.fr\/index.php\/wp-json\/wp\/v2\/product\/5934","targetHints":{"allow":["GET"]}}],"collection":[{"href":"https:\/\/cienfuegos.fr\/index.php\/wp-json\/wp\/v2\/product"}],"about":[{"href":"https:\/\/cienfuegos.fr\/index.php\/wp-json\/wp\/v2\/types\/product"}],"replies":[{"embeddable":true,"href":"https:\/\/cienfuegos.fr\/index.php\/wp-json\/wp\/v2\/comments?post=5934"}],"wp:featuredmedia":[{"embeddable":true,"href":"https:\/\/cienfuegos.fr\/index.php\/wp-json\/wp\/v2\/media\/5908"}],"wp:attachment":[{"href":"https:\/\/cienfuegos.fr\/index.php\/wp-json\/wp\/v2\/media?parent=5934"}],"curies":[{"name":"wp","href":"https:\/\/api.w.org\/{rel}","templated":true}]}}