{"id":5886,"date":"2020-09-18T01:07:55","date_gmt":"2020-09-17T23:07:55","guid":{"rendered":"https:\/\/cienfuegos.fr\/?post_type=product&#038;p=5886"},"modified":"2020-09-18T01:07:55","modified_gmt":"2020-09-17T23:07:55","slug":"como-si-existiese-el-perdon","status":"publish","type":"product","link":"https:\/\/cienfuegos.fr\/index.php\/product\/como-si-existiese-el-perdon\/","title":{"rendered":"Como si existiese el perd\u00f3n"},"content":{"rendered":"","protected":false},"excerpt":{"rendered":"<p>Autor: Travacio, Mariana<br \/>\nEditorial: Metal\u00facida<br \/>\nA\u00f1o de publicaci\u00f3n:<br \/>\nN\u00famero de p\u00e1ginas:<br \/>\nI.S.B.N:<\/p>\n<p>Como si existiese el perd\u00f3n es una historia de venganza y redenci\u00f3n. Mariana Travacio nos conduce por un mundo desolado, que nos traer\u00e1 inevitablemente a la memoria las mejores p\u00e1ginas de Juan Rulfo, hasta el inevitable final de la obra. Inevitable, porque todos los personajes de esta historia parecen presididos por la fatalidad, pero tambi\u00e9n porque la autora no nos da la oportunidad de apartar la mirada de este libro duro y memorable al que no le sobra ni le falta nada. Como si existiese el perd\u00f3n es algo m\u00e1s que un western kafkiano: una f\u00e1bula moral sobre la naturaleza humana, la violencia y la justicia.<\/p>\n","protected":false},"featured_media":5784,"comment_status":"open","ping_status":"closed","template":"","meta":[],"class_list":{"0":"post-5886","1":"product","2":"type-product","3":"status-publish","4":"has-post-thumbnail","6":"product_cat-narrativa","7":"post","9":"first","10":"instock","11":"taxable","12":"shipping-taxable","13":"purchasable","14":"product-type-simple"},"_links":{"self":[{"href":"https:\/\/cienfuegos.fr\/index.php\/wp-json\/wp\/v2\/product\/5886","targetHints":{"allow":["GET"]}}],"collection":[{"href":"https:\/\/cienfuegos.fr\/index.php\/wp-json\/wp\/v2\/product"}],"about":[{"href":"https:\/\/cienfuegos.fr\/index.php\/wp-json\/wp\/v2\/types\/product"}],"replies":[{"embeddable":true,"href":"https:\/\/cienfuegos.fr\/index.php\/wp-json\/wp\/v2\/comments?post=5886"}],"wp:featuredmedia":[{"embeddable":true,"href":"https:\/\/cienfuegos.fr\/index.php\/wp-json\/wp\/v2\/media\/5784"}],"wp:attachment":[{"href":"https:\/\/cienfuegos.fr\/index.php\/wp-json\/wp\/v2\/media?parent=5886"}],"curies":[{"name":"wp","href":"https:\/\/api.w.org\/{rel}","templated":true}]}}