{"id":5880,"date":"2020-09-18T01:00:49","date_gmt":"2020-09-17T23:00:49","guid":{"rendered":"https:\/\/cienfuegos.fr\/?post_type=product&#038;p=5880"},"modified":"2020-09-18T01:00:49","modified_gmt":"2020-09-17T23:00:49","slug":"la-mujer-de-strasser","status":"publish","type":"product","link":"https:\/\/cienfuegos.fr\/index.php\/product\/la-mujer-de-strasser\/","title":{"rendered":"La mujer de Strasser"},"content":{"rendered":"","protected":false},"excerpt":{"rendered":"<p>Autor: Tiz\u00f3n, H\u00e9ctor<br \/>\nEditorial: Perfil<br \/>\nA\u00f1o de publicaci\u00f3n: 1997<br \/>\nN\u00famero de p\u00e1ginas: 139<br \/>\nI.S.B.N:<\/p>\n<p>Testigio de pliegue en la portada. En un paisaje incierto, definido por trazos tan sutiles como indelebles, Strasser dirige la construcci\u00f3n de un puente. pero la que marca los relieves y bajo relieves de esta novela impecable es hilde, la mujer de Strasser. En el probable mapa del noroeste argentino se entrev\u00e9, como en un oscuro espejo, el mapa de Europa: otro escenario, otra guerra, otros tiempos y otros deslices amorosos que alzan sin embargo, aqu\u00ed y all\u00e1, una misma, unica historia. En sus pliegues estimulantes y escabrosos se traman, sobre una una matriz hist\u00f3rica, los recuerdos, el erotismo y las emociones. \u00c9stos son la materia con que h\u00e9ctor Tiz\u00f3n entrega su nueva novela, una obra mayor cuya publicaci\u00f3n constituye un luminosos acontecimiento literario.<\/p>\n","protected":false},"featured_media":5781,"comment_status":"open","ping_status":"closed","template":"","meta":[],"class_list":{"0":"post-5880","1":"product","2":"type-product","3":"status-publish","4":"has-post-thumbnail","6":"product_cat-narrativa","7":"post","9":"first","10":"instock","11":"taxable","12":"shipping-taxable","13":"purchasable","14":"product-type-simple"},"_links":{"self":[{"href":"https:\/\/cienfuegos.fr\/index.php\/wp-json\/wp\/v2\/product\/5880","targetHints":{"allow":["GET"]}}],"collection":[{"href":"https:\/\/cienfuegos.fr\/index.php\/wp-json\/wp\/v2\/product"}],"about":[{"href":"https:\/\/cienfuegos.fr\/index.php\/wp-json\/wp\/v2\/types\/product"}],"replies":[{"embeddable":true,"href":"https:\/\/cienfuegos.fr\/index.php\/wp-json\/wp\/v2\/comments?post=5880"}],"wp:featuredmedia":[{"embeddable":true,"href":"https:\/\/cienfuegos.fr\/index.php\/wp-json\/wp\/v2\/media\/5781"}],"wp:attachment":[{"href":"https:\/\/cienfuegos.fr\/index.php\/wp-json\/wp\/v2\/media?parent=5880"}],"curies":[{"name":"wp","href":"https:\/\/api.w.org\/{rel}","templated":true}]}}