{"id":5876,"date":"2020-09-18T00:57:30","date_gmt":"2020-09-17T22:57:30","guid":{"rendered":"https:\/\/cienfuegos.fr\/?post_type=product&#038;p=5876"},"modified":"2020-09-18T00:57:30","modified_gmt":"2020-09-17T22:57:30","slug":"la-ciudad-invencible","status":"publish","type":"product","link":"https:\/\/cienfuegos.fr\/index.php\/product\/la-ciudad-invencible\/","title":{"rendered":"La ciudad invencible"},"content":{"rendered":"","protected":false},"excerpt":{"rendered":"<p>Autor: Tr\u00edas, Fernanda<br \/>\nEditorial: HUM<br \/>\nA\u00f1o de publicaci\u00f3n:<br \/>\nN\u00famero de p\u00e1ginas:<br \/>\nI.S.B.N:<\/p>\n<p>Tras cuatro mudanzas, un fracaso sentimental y la muerte de su padre, la protagonista de \u00abLa ciudad invencible\u00bb, una mujer de unos treinta a\u00f1os que comienza a ser consciente del paso del tiempo y del fracaso de las expectativas que se hab\u00eda forjado hasta entonces, llega a Buenos Aires. All\u00ed se abrir\u00e1 ante ella una nueva etapa en la que deber\u00e1 rendir cuentas de su pasado, enfrentarse a la desaz\u00f3n de su presente y orientarse de nuevo hacia la promesa del futuro.<\/p>\n","protected":false},"featured_media":5779,"comment_status":"open","ping_status":"closed","template":"","meta":[],"class_list":{"0":"post-5876","1":"product","2":"type-product","3":"status-publish","4":"has-post-thumbnail","6":"product_cat-narrativa","7":"post","9":"first","10":"instock","11":"taxable","12":"shipping-taxable","13":"purchasable","14":"product-type-simple"},"_links":{"self":[{"href":"https:\/\/cienfuegos.fr\/index.php\/wp-json\/wp\/v2\/product\/5876","targetHints":{"allow":["GET"]}}],"collection":[{"href":"https:\/\/cienfuegos.fr\/index.php\/wp-json\/wp\/v2\/product"}],"about":[{"href":"https:\/\/cienfuegos.fr\/index.php\/wp-json\/wp\/v2\/types\/product"}],"replies":[{"embeddable":true,"href":"https:\/\/cienfuegos.fr\/index.php\/wp-json\/wp\/v2\/comments?post=5876"}],"wp:featuredmedia":[{"embeddable":true,"href":"https:\/\/cienfuegos.fr\/index.php\/wp-json\/wp\/v2\/media\/5779"}],"wp:attachment":[{"href":"https:\/\/cienfuegos.fr\/index.php\/wp-json\/wp\/v2\/media?parent=5876"}],"curies":[{"name":"wp","href":"https:\/\/api.w.org\/{rel}","templated":true}]}}