{"id":5874,"date":"2020-09-18T00:56:17","date_gmt":"2020-09-17T22:56:17","guid":{"rendered":"https:\/\/cienfuegos.fr\/?post_type=product&#038;p=5874"},"modified":"2020-09-18T00:56:17","modified_gmt":"2020-09-17T22:56:17","slug":"la-procesion-infinita","status":"publish","type":"product","link":"https:\/\/cienfuegos.fr\/index.php\/product\/la-procesion-infinita\/","title":{"rendered":"La procesi\u00f3n infinita"},"content":{"rendered":"","protected":false},"excerpt":{"rendered":"<p>Autor: Trelles Paz, Diego<br \/>\nEditorial: Anagrama<br \/>\nA\u00f1o de publicaci\u00f3n:<br \/>\nN\u00famero de p\u00e1ginas:<br \/>\nI.S.B.N:<\/p>\n<p>\u00abEso que trajo la dictadura nos persigue porque nos define. Y no se va a ir nunca\u00bb, le dice Francisco a Diego el d\u00eda de su reencuentro en Lima. Han pasado casi diez a\u00f1os desde que se fueron de Per\u00fa, huyendo de sus vidas en un pa\u00eds desfigurado por la violencia y la incertidumbre. De Nueva York a Londres, entre la evasi\u00f3n y el desenfreno, el recuerdo les traer\u00e1 de vuelta sus aventuras veraniegas en la Europa efervescente del nuevo milenio: viajes promiscuos en los que, adem\u00e1s del alcohol, la coca\u00edna y las fiestas non-stop, cultivaron una extra\u00f1a adicci\u00f3n a los trickies, tr\u00edos sexuales en los que la \u00fanica regla sagrada era no tocarse entre ellos. Un episodio traum\u00e1tico en Berl\u00edn entre Francisco, una bella prostituta y una oscura banda de delincuentes metaleros (Los turcos) destrozar\u00e1 la vida exagerada de ambos amigos y har\u00e1 reaparecer los fantasmas ocultos de ese pasado de violencia que cre\u00edan muerto. \u00bfQu\u00e9 pas\u00f3 realmente esa noche delirante en Alemania? \u00bfPor qu\u00e9 ninguno de los dos volvi\u00f3 a mencionar el hecho? \u00bfSali\u00f3 Francisco indemne de la agresi\u00f3n o fingi\u00f3 por verg\u00fcenza? \u00bfDe verdad lleg\u00f3 a ocurrir algo? Tras la repentina desaparici\u00f3n de Francisco, algunos a\u00f1os despu\u00e9s de haber coincidido en Lima, la necesidad obsesiva de descubrir la verdad lleva a Diego, que ahora vive en Par\u00eds y no logra avanzar con la escritura, tras los pasos de la \u00fanica persona que podr\u00eda saberla: una enigm\u00e1tica mujer que lleg\u00f3 a Francia huyendo, el centro luminoso de esta historia de amores y traiciones, asesinatos y desapariciones, enigmas policiales e intrigas pol\u00edticas. Ambientada en Per\u00fa dentro del marco hist\u00f3rico de la posdictadura, La procesi\u00f3n infinita es una novela dura y conmovedora, divertida y vertiginosa, sobre la amistad y la imposibilidad del amor en un pa\u00eds en duelo permanente, enfermo por las secuelas de una dictadura que se acab\u00f3 pero nunca se fue, que se derrumb\u00f3 pero, dentro y fuera de los personajes de este libro, vive y persiste.<\/p>\n","protected":false},"featured_media":5778,"comment_status":"open","ping_status":"closed","template":"","meta":[],"class_list":{"0":"post-5874","1":"product","2":"type-product","3":"status-publish","4":"has-post-thumbnail","6":"product_cat-narrativa","7":"post","9":"first","10":"instock","11":"taxable","12":"shipping-taxable","13":"purchasable","14":"product-type-simple"},"_links":{"self":[{"href":"https:\/\/cienfuegos.fr\/index.php\/wp-json\/wp\/v2\/product\/5874","targetHints":{"allow":["GET"]}}],"collection":[{"href":"https:\/\/cienfuegos.fr\/index.php\/wp-json\/wp\/v2\/product"}],"about":[{"href":"https:\/\/cienfuegos.fr\/index.php\/wp-json\/wp\/v2\/types\/product"}],"replies":[{"embeddable":true,"href":"https:\/\/cienfuegos.fr\/index.php\/wp-json\/wp\/v2\/comments?post=5874"}],"wp:featuredmedia":[{"embeddable":true,"href":"https:\/\/cienfuegos.fr\/index.php\/wp-json\/wp\/v2\/media\/5778"}],"wp:attachment":[{"href":"https:\/\/cienfuegos.fr\/index.php\/wp-json\/wp\/v2\/media?parent=5874"}],"curies":[{"name":"wp","href":"https:\/\/api.w.org\/{rel}","templated":true}]}}