{"id":5870,"date":"2020-09-18T00:52:18","date_gmt":"2020-09-17T22:52:18","guid":{"rendered":"https:\/\/cienfuegos.fr\/?post_type=product&#038;p=5870"},"modified":"2020-09-18T00:52:18","modified_gmt":"2020-09-17T22:52:18","slug":"la-cosa-en-si","status":"publish","type":"product","link":"https:\/\/cienfuegos.fr\/index.php\/product\/la-cosa-en-si\/","title":{"rendered":"La cosa en s\u00ed"},"content":{"rendered":"","protected":false},"excerpt":{"rendered":"<p>Autor: Trapiello, Andr\u00e9s<br \/>\nEditorial: Pre-textos<br \/>\nA\u00f1o de publicaci\u00f3n:<br \/>\nN\u00famero de p\u00e1ginas:<br \/>\nI.S.B.N:<\/p>\n<p>Tuvo Enmanuel Kant, no tan esc\u00e9ptico como Berkeley, la delicadeza de expresarlo de este modo: si la realidad existe, \u00fanicamente podemos conocerla a trav\u00e9s de los sentidos. Y sin embargo, no le bastan al hombre sus sentidos para conocer aquello, que siendo realidad, va m\u00e1s all\u00e1 de lo visible. Y lo no visible, nos dice el pensador de K\u00f6nigsberg, maestro de nuestro Abel Mart\u00edn y de su disc\u00edpulo Juan de Mairena, no podemos conocerlo, pero s\u00ed pensarlo. Va incluso Kant un poco m\u00e1s lejos, y nos anima: \u00abatr\u00e9vete a saber\u00bb, y a eso, que en cierto modo es lo que importa, lo llama la cosa en s\u00ed. De peque\u00f1os gestos, modestas historias, costumbres y creencias tanto como de acontecimientos extraordinarios y descomunales est\u00e1 formada la vida del hombre; todos son fen\u00f3menos que modulan nuestro pensar y nuestro sentir y, de una manera fatal, parecen llevarnos de vuelta a lomos de este bucle imposible a lo que jam\u00e1s llegamos a comprender del todo: los peque\u00f1os gestos, las modestas historias, las costumbres, las creencias y los acontecimientos extraordinarios y descomunales que configuran nuestra vida. Unos y otros exceden a menudo nuestra comprensi\u00f3n, pero podemos pensarlos, viviendo lo cotidiano como excepcional y lo excepcional como cotidiano. Se han escrito estas p\u00e1ginas con la inmediatez de un arrebato sentimental que, por sentimental, no es ni justo ni injusto, ni acertado ni equivocado. Hablan del tiempo. Y al hacerlo se dir\u00eda que crean otro nuevo, acaso m\u00e1s ordenado y justo, m\u00e1s hermoso y duradero. As\u00ed, quiz\u00e1, pueda entenderse: una realidad dentro de la realidad, parte inseparable de ella, como en esa estampa en la que se ve a un avi\u00f3n que, para perplejidad y maravilla del ni\u00f1o, le muestra el mundo como una sucesi\u00f3n de abismos de los que \u00e9l forma parte. En uno de ellos viene desarroll\u00e1ndose esta novela en marcha, y si a\u00fan estamos lejos del conocimiento al que aspiraban los amigos de la sabidur\u00eda, que pensaron la cosa en s\u00ed desde muy firmes y nobles pedestales, podemos intentarlo en este peque\u00f1o mundo nuestro que va dando tumbos en el vac\u00edo dentro de otro peque\u00f1o mundo, que a su vez. . . nos lleva al infinito, a la infinitud de un para\u00edso tan inalcanzable como real<\/p>\n","protected":false},"featured_media":5776,"comment_status":"open","ping_status":"closed","template":"","meta":[],"class_list":{"0":"post-5870","1":"product","2":"type-product","3":"status-publish","4":"has-post-thumbnail","6":"product_cat-narrativa","7":"post","9":"first","10":"instock","11":"taxable","12":"shipping-taxable","13":"purchasable","14":"product-type-simple"},"_links":{"self":[{"href":"https:\/\/cienfuegos.fr\/index.php\/wp-json\/wp\/v2\/product\/5870","targetHints":{"allow":["GET"]}}],"collection":[{"href":"https:\/\/cienfuegos.fr\/index.php\/wp-json\/wp\/v2\/product"}],"about":[{"href":"https:\/\/cienfuegos.fr\/index.php\/wp-json\/wp\/v2\/types\/product"}],"replies":[{"embeddable":true,"href":"https:\/\/cienfuegos.fr\/index.php\/wp-json\/wp\/v2\/comments?post=5870"}],"wp:featuredmedia":[{"embeddable":true,"href":"https:\/\/cienfuegos.fr\/index.php\/wp-json\/wp\/v2\/media\/5776"}],"wp:attachment":[{"href":"https:\/\/cienfuegos.fr\/index.php\/wp-json\/wp\/v2\/media?parent=5870"}],"curies":[{"name":"wp","href":"https:\/\/api.w.org\/{rel}","templated":true}]}}