{"id":5864,"date":"2020-09-18T00:44:38","date_gmt":"2020-09-17T22:44:38","guid":{"rendered":"https:\/\/cienfuegos.fr\/?post_type=product&#038;p=5864"},"modified":"2020-09-18T00:44:38","modified_gmt":"2020-09-17T22:44:38","slug":"cartas-a-un-joven-novelista","status":"publish","type":"product","link":"https:\/\/cienfuegos.fr\/index.php\/product\/cartas-a-un-joven-novelista\/","title":{"rendered":"Cartas a un joven novelista"},"content":{"rendered":"","protected":false},"excerpt":{"rendered":"<p>Autor: Vargas Llosa, Mario<br \/>\nEditorial: Alfaguara<br \/>\nA\u00f1o de publicaci\u00f3n:<br \/>\nN\u00famero de p\u00e1ginas:<br \/>\nI.S.B.N:<\/p>\n<p>\u00c9ste no es un manual para aprender a escribir, algo que los verdaderos escritores aprenden por s\u00ed mismos. Es un ensayo sobre la manera como nacen y se escriben las novelas, seg\u00fan mi experiencia personal (. . . ). Se trata, pues, de un libro muy personal y, en cierto modo, de una discreta autobiograf\u00eda. \u00bb Mario Vargas Llosa \u00abEl escritor siente \u00edntimamente que escribir es lo mejor que le ha pasado y puede pasarle, pues significa para \u00e9l la mejor manera posible de vivir. \u00bb Mario Vargas Llosa dirige a todos aquellos que tienen la ilusi\u00f3n de llegar a ser escritores unas magn\u00edficas reflexiones en forma epistolar acerca del arte de narrar. C\u00f3mo comenzar a cristalizar esa vocaci\u00f3n en obras literarias, por d\u00f3nde empezar esa aventura, de d\u00f3nde salen las historias que cuentan las novelas. son algunas de las preguntas a las que el Premio Nobel de Literatura da respuesta en este libro, que se convierte as\u00ed en una lecci\u00f3n magistral del oficio de escribidor. \u00abDetr\u00e1s de esas aventuras ficticias que encienden la imaginaci\u00f3n de los lectores y los conmueven, hay no s\u00f3lo intuici\u00f3n, fantas\u00eda, invenci\u00f3n y una pizca de locura, sino tambi\u00e9n terquedad, disciplina, organizaci\u00f3n, estrategia, trampas y silencios, y una urdimbre compleja que levanta y sostiene en vilo la ficci\u00f3n.<\/p>\n","protected":false},"featured_media":0,"comment_status":"open","ping_status":"closed","template":"","meta":[],"class_list":{"0":"post-5864","1":"product","2":"type-product","3":"status-publish","5":"product_cat-narrativa","6":"post","8":"first","9":"instock","10":"taxable","11":"shipping-taxable","12":"purchasable","13":"product-type-simple"},"_links":{"self":[{"href":"https:\/\/cienfuegos.fr\/index.php\/wp-json\/wp\/v2\/product\/5864","targetHints":{"allow":["GET"]}}],"collection":[{"href":"https:\/\/cienfuegos.fr\/index.php\/wp-json\/wp\/v2\/product"}],"about":[{"href":"https:\/\/cienfuegos.fr\/index.php\/wp-json\/wp\/v2\/types\/product"}],"replies":[{"embeddable":true,"href":"https:\/\/cienfuegos.fr\/index.php\/wp-json\/wp\/v2\/comments?post=5864"}],"wp:attachment":[{"href":"https:\/\/cienfuegos.fr\/index.php\/wp-json\/wp\/v2\/media?parent=5864"}],"curies":[{"name":"wp","href":"https:\/\/api.w.org\/{rel}","templated":true}]}}