{"id":5850,"date":"2020-09-17T23:48:53","date_gmt":"2020-09-17T21:48:53","guid":{"rendered":"https:\/\/cienfuegos.fr\/?post_type=product&#038;p=5850"},"modified":"2020-09-17T23:48:54","modified_gmt":"2020-09-17T21:48:54","slug":"como-en-la-guerra","status":"publish","type":"product","link":"https:\/\/cienfuegos.fr\/index.php\/product\/como-en-la-guerra\/","title":{"rendered":"Como en la guerra"},"content":{"rendered":"","protected":false},"excerpt":{"rendered":"<p>Autor: Valenzuela, Luisa<br \/>\nEditorial: Sudamericana<br \/>\nA\u00f1o de publicaci\u00f3n:<br \/>\nN\u00famero de p\u00e1ginas:<br \/>\nI.S.B.N:<\/p>\n<p>\u00abEl deseo es una pregunta cuya respuesta no existe\u00bb escribi\u00f3 Luis Cernuda. Esta novela, esta aventura verbal de Luisa Valenzuela describe las etapas de una busca impulsada por el deseo de un encuentro: el del yo consigo mismo. Busca obstinada de la propia identidad, emprendida con la ansiedad de un deseo que de alg\u00fan modo se salva por su propia insatisfacci\u00f3n: el deseo saciado ser\u00eda la muerte del arrebato que exalta el vivir. El protagonista de Como en la guerra se busca: en s\u00ed mismo, en los otros, en el mundo. Buscarse es salir de s\u00ed para mirarse desde fuera y regresar a s\u00ed. Fases de un viaje incesante. Primero, en Barcelona, el protagonista procura entender (entenderse) durante varios encuentros y sesiones psicoanal\u00edticas con una mujer a cuyo encuentro acude disfrazado de mujer: travestismo y transexualidad son formas de acceso al otro, a un yo diferente pero especular y que quiz\u00e1 refleje la identidad deseada. La segunda etapa ocurre en M\u00e9xico: una inmersi\u00f3n en el tiempo del mito, el del fluir permanente sin desplazamientos cronol\u00f3gicos. Los alucin\u00f3genos ayudan a burlar el tiempo rectil\u00edneo que se precipita al futuro y permiten el continuo retorno al tiempo \u00abanterior\u00bb, el del yo que se busca. Tercera etapa: Buenos Aires. Un Buenos Aires que no pierde la inmediatez de lo real, pero tambi\u00e9n se exalta en una vertiginosa alegor\u00eda. Una ciudad de interminables filas de gentes que tambi\u00e9n esperan y buscan. Al fin, un edificio que estalla. Ultimo s\u00edmbolo de prodigiosa ambig\u00fcedad: \u00bfSe ha producido el encuentro o la busca se ha diluido en s\u00ed misma? Otro nivel de indagaci\u00f3n es fundamental en esta novela de Luisa Valenzuela: el lenguaje mismo. \u00abEscribir es la incesante interrogaci\u00f3n que los signos hacen a un signo: el hombre; y la que ese signo hace a los signos: el lenguaje.\u00bb (Octavio Paz) Buscarse es concebirse como una realidad oculta que s\u00f3lo puede revelarse al nombrarla. Nueva busca, nuevo deseo de quien anhela esa palabra definitiva que designe y descifre a la vez.<\/p>\n","protected":false},"featured_media":5767,"comment_status":"open","ping_status":"closed","template":"","meta":[],"class_list":{"0":"post-5850","1":"product","2":"type-product","3":"status-publish","4":"has-post-thumbnail","6":"product_cat-narrativa","7":"post","9":"first","10":"instock","11":"taxable","12":"shipping-taxable","13":"purchasable","14":"product-type-simple"},"_links":{"self":[{"href":"https:\/\/cienfuegos.fr\/index.php\/wp-json\/wp\/v2\/product\/5850","targetHints":{"allow":["GET"]}}],"collection":[{"href":"https:\/\/cienfuegos.fr\/index.php\/wp-json\/wp\/v2\/product"}],"about":[{"href":"https:\/\/cienfuegos.fr\/index.php\/wp-json\/wp\/v2\/types\/product"}],"replies":[{"embeddable":true,"href":"https:\/\/cienfuegos.fr\/index.php\/wp-json\/wp\/v2\/comments?post=5850"}],"wp:featuredmedia":[{"embeddable":true,"href":"https:\/\/cienfuegos.fr\/index.php\/wp-json\/wp\/v2\/media\/5767"}],"wp:attachment":[{"href":"https:\/\/cienfuegos.fr\/index.php\/wp-json\/wp\/v2\/media?parent=5850"}],"curies":[{"name":"wp","href":"https:\/\/api.w.org\/{rel}","templated":true}]}}