{"id":5846,"date":"2020-09-17T23:44:39","date_gmt":"2020-09-17T21:44:39","guid":{"rendered":"https:\/\/cienfuegos.fr\/?post_type=product&#038;p=5846"},"modified":"2020-09-17T23:44:39","modified_gmt":"2020-09-17T21:44:39","slug":"duelo-de-alfiles","status":"publish","type":"product","link":"https:\/\/cienfuegos.fr\/index.php\/product\/duelo-de-alfiles\/","title":{"rendered":"Duelo de alfiles"},"content":{"rendered":"","protected":false},"excerpt":{"rendered":"<p>Autor: Valero, Vicente<br \/>\nEditorial: Perif\u00e9rica<br \/>\nA\u00f1o de publicaci\u00f3n:<br \/>\nN\u00famero de p\u00e1ginas:<br \/>\nI.S.B.N:<\/p>\n<p>Duelo de alfiles es un libro singular y absorbente desde la primera p\u00e1gina. En \u00e9l se muestra, en un original y casi detectivesco seguimiento por ciudades, islas, pueblos, cartas, diarios y libros, los pasos confluyentes de cinco grandes escritores: Nietzsche, Rilke, Kafka, Benjamin y Brecht. Como piezas mayores de un gran tablero de ajedrez, estos autores se mueven y disputan por sobrevivir en sus textos ?y sobrevivir ellos mismos en el caso de los cuatro \u00faltimos? en la llamada \u00e9poca de entreguerras. Una vez m\u00e1s, Valero se aproxima en esta nueva obra a peque\u00f1os episodios biogr\u00e1ficos para internarse en ellos y desarrollarlos con su prosa precisa y envolvente, desvelando aspectos decisivos: las intensas partidas de ajedrez entre Walter Benjamin y Bertolt Brecht en la isla danesa de Fionia en el verano de 1934; los \u00faltimos escritos de Nietzsche en Tur\u00edn en 1888, poco antes de perder la raz\u00f3n; la desastrosa lectura de Kafka en una galer\u00eda de arte en el M\u00fanich de 1916; los meses de desesperaci\u00f3n creativa de Rilke en la aldea suiza de Berg am Irchel en 1921. El narrador de este libro viaja a estos y otros lugares, pasea y conoce a la gente como un turista m\u00e1s, visita museos, juega al ajedrez, lee y toma apuntes; pero viaja tambi\u00e9n a las obras que all\u00ed surgieron o fueron protagonistas por alguna raz\u00f3n, y en las que encuentra poderosos v\u00ednculos que las acercan entre s\u00ed: el ensayo de Benjamin sobre Kafka; la autobiograf\u00eda de Nietzsche Ecce Homo; el relato En la colonia penitenciaria de Kafka; El testamento de Rilke. El arte, la guerra, el exilio, la soledad del creador, la interpretaci\u00f3n de los textos? Estos asuntos protagonizan tambi\u00e9n Duelo de alfiles, que combina con maestr\u00eda la an\u00e9cdota con la reflexi\u00f3n, la inmediatez de lo cotidiano con la profundidad de lo intemporal.<\/p>\n","protected":false},"featured_media":5765,"comment_status":"open","ping_status":"closed","template":"","meta":[],"class_list":{"0":"post-5846","1":"product","2":"type-product","3":"status-publish","4":"has-post-thumbnail","6":"product_cat-narrativa","7":"post","9":"first","10":"instock","11":"taxable","12":"shipping-taxable","13":"purchasable","14":"product-type-simple"},"_links":{"self":[{"href":"https:\/\/cienfuegos.fr\/index.php\/wp-json\/wp\/v2\/product\/5846","targetHints":{"allow":["GET"]}}],"collection":[{"href":"https:\/\/cienfuegos.fr\/index.php\/wp-json\/wp\/v2\/product"}],"about":[{"href":"https:\/\/cienfuegos.fr\/index.php\/wp-json\/wp\/v2\/types\/product"}],"replies":[{"embeddable":true,"href":"https:\/\/cienfuegos.fr\/index.php\/wp-json\/wp\/v2\/comments?post=5846"}],"wp:featuredmedia":[{"embeddable":true,"href":"https:\/\/cienfuegos.fr\/index.php\/wp-json\/wp\/v2\/media\/5765"}],"wp:attachment":[{"href":"https:\/\/cienfuegos.fr\/index.php\/wp-json\/wp\/v2\/media?parent=5846"}],"curies":[{"name":"wp","href":"https:\/\/api.w.org\/{rel}","templated":true}]}}