{"id":5825,"date":"2020-09-17T22:59:25","date_gmt":"2020-09-17T20:59:25","guid":{"rendered":"https:\/\/cienfuegos.fr\/?post_type=product&#038;p=5825"},"modified":"2020-09-17T22:59:25","modified_gmt":"2020-09-17T20:59:25","slug":"la-leyenda-del-cesar-visionario","status":"publish","type":"product","link":"https:\/\/cienfuegos.fr\/index.php\/product\/la-leyenda-del-cesar-visionario\/","title":{"rendered":"La leyenda del C\u00e9sar Visionario"},"content":{"rendered":"","protected":false},"excerpt":{"rendered":"<p>Autor: Umbral, Francisco<br \/>\nEditorial: Seix Barral<br \/>\nA\u00f1o de publicaci\u00f3n:<br \/>\nN\u00famero de p\u00e1ginas:<br \/>\nI.S.B.N:<\/p>\n<p>R\u00fastica con solapas en buen estado general. Cubierta deslucida y parcialmente soleada. Signos de uso. \u00abLeyenda del C\u00e9sar Visionario esboza, por una parte, una tipolog\u00eda de la persona de francisco Franco, en plena guerra civil; pero es, al propio tiempo, un cuadro de la vida cotidiana en la zona franquista y una visi\u00f3n agridulce de la contradictoria experiencia de los intelectuales que, desenga\u00f1ados luego en su mayor\u00eda, trataron en un primer momento de aportar moderaci\u00f3n al nuevo r\u00e9gimen, entre el fragor de las armas y la megaloman\u00eda cesarista de los m\u00e1s fan\u00e1ticos. La tenue, tierna y casi esperp\u00e9ntica peripecia humana de un joven tip\u00f3grafo act\u00faa aqu\u00ed a modo de contrapunto \u00edntimo y privado de la gran tragicomedia colectiva.\u00bb.<\/p>\n","protected":false},"featured_media":5801,"comment_status":"open","ping_status":"closed","template":"","meta":[],"class_list":{"0":"post-5825","1":"product","2":"type-product","3":"status-publish","4":"has-post-thumbnail","6":"product_cat-narrativa","7":"post","9":"first","10":"instock","11":"taxable","12":"shipping-taxable","13":"purchasable","14":"product-type-simple"},"_links":{"self":[{"href":"https:\/\/cienfuegos.fr\/index.php\/wp-json\/wp\/v2\/product\/5825","targetHints":{"allow":["GET"]}}],"collection":[{"href":"https:\/\/cienfuegos.fr\/index.php\/wp-json\/wp\/v2\/product"}],"about":[{"href":"https:\/\/cienfuegos.fr\/index.php\/wp-json\/wp\/v2\/types\/product"}],"replies":[{"embeddable":true,"href":"https:\/\/cienfuegos.fr\/index.php\/wp-json\/wp\/v2\/comments?post=5825"}],"wp:featuredmedia":[{"embeddable":true,"href":"https:\/\/cienfuegos.fr\/index.php\/wp-json\/wp\/v2\/media\/5801"}],"wp:attachment":[{"href":"https:\/\/cienfuegos.fr\/index.php\/wp-json\/wp\/v2\/media?parent=5825"}],"curies":[{"name":"wp","href":"https:\/\/api.w.org\/{rel}","templated":true}]}}