{"id":5672,"date":"2020-09-14T22:18:38","date_gmt":"2020-09-14T20:18:38","guid":{"rendered":"https:\/\/cienfuegos.fr\/?post_type=product&#038;p=5672"},"modified":"2020-09-15T20:23:44","modified_gmt":"2020-09-15T18:23:44","slug":"de-la-elegancia-mientras-se-duerme","status":"publish","type":"product","link":"https:\/\/cienfuegos.fr\/index.php\/product\/de-la-elegancia-mientras-se-duerme\/","title":{"rendered":"De la elegancia mientras se duerme"},"content":{"rendered":"","protected":false},"excerpt":{"rendered":"<p>Autor: Lascano Tegui, Visconde de<br \/>\nEditorial: Impedimenta<br \/>\nA\u00f1o de publicaci\u00f3n:<br \/>\nN\u00famero de p\u00e1ginas:<br \/>\nI.S.B.N:<\/p>\n<p>Decadente y provocador, transgresor y marginal, amigo de Picasso y Apollinaire en la bohemia de Montparnasse, el vizconde de Lascano Tegui es una de las figuras centrales de la literatura argentina de principios del XX. De la elegancia mientras se duerme, publicada en Par\u00eds en 1925, es su obra m\u00e1s lograda. En ella, un narrador exc\u00e9ntrico, exquisito, fatigado por el peso de sus vicios, se debate morosamente entre el lujo canalla y el hast\u00edo que \u00e9ste le provoca, mientras se acerca de modo irremisible a la consumaci\u00f3n de un crimen. Nos hallamos ante un peculiar \u00abdiario de un asesino\u00bb, ante la cr\u00f3nica del fin de una \u00e9poca, que es a la vez un sutil retrato del alma humana, con todos sus excesos y veleidades. Lascano Tegui, vizconde sin condado, est\u00e1 considerado un precursor de Genet y uno de los malditos m\u00e1s desconocidos y sorprendentes de la moderna literatura en lengua espa\u00f1ola.<\/p>\n","protected":false},"featured_media":5755,"comment_status":"open","ping_status":"closed","template":"","meta":[],"class_list":{"0":"post-5672","1":"product","2":"type-product","3":"status-publish","4":"has-post-thumbnail","6":"product_cat-narrativa","7":"post","9":"first","10":"instock","11":"taxable","12":"shipping-taxable","13":"purchasable","14":"product-type-simple"},"_links":{"self":[{"href":"https:\/\/cienfuegos.fr\/index.php\/wp-json\/wp\/v2\/product\/5672","targetHints":{"allow":["GET"]}}],"collection":[{"href":"https:\/\/cienfuegos.fr\/index.php\/wp-json\/wp\/v2\/product"}],"about":[{"href":"https:\/\/cienfuegos.fr\/index.php\/wp-json\/wp\/v2\/types\/product"}],"replies":[{"embeddable":true,"href":"https:\/\/cienfuegos.fr\/index.php\/wp-json\/wp\/v2\/comments?post=5672"}],"wp:featuredmedia":[{"embeddable":true,"href":"https:\/\/cienfuegos.fr\/index.php\/wp-json\/wp\/v2\/media\/5755"}],"wp:attachment":[{"href":"https:\/\/cienfuegos.fr\/index.php\/wp-json\/wp\/v2\/media?parent=5672"}],"curies":[{"name":"wp","href":"https:\/\/api.w.org\/{rel}","templated":true}]}}