{"id":5659,"date":"2020-09-14T21:57:50","date_gmt":"2020-09-14T19:57:50","guid":{"rendered":"https:\/\/cienfuegos.fr\/?post_type=product&#038;p=5659"},"modified":"2020-09-15T20:34:05","modified_gmt":"2020-09-15T18:34:05","slug":"historia-abreviada-de-la-literatura-portatil","status":"publish","type":"product","link":"https:\/\/cienfuegos.fr\/index.php\/product\/historia-abreviada-de-la-literatura-portatil\/","title":{"rendered":"Historia abreviada de la literatura port\u00e1til"},"content":{"rendered":"","protected":false},"excerpt":{"rendered":"<p>Autor: Vila-Matas, Enrique<br \/>\nEditorial: Anagrama<br \/>\nA\u00f1o de publicaci\u00f3n:<br \/>\nN\u00famero de p\u00e1ginas:<br \/>\nI.S.B.N:<\/p>\n<p>Esta delirante novela muestra una cartograf\u00eda de inspiraci\u00f3n dada\u00edsta de la literatura y el arte vanguardistas. Esta exc\u00e9ntrica novela narra c\u00f3mo se cre\u00f3 y se disolvi\u00f3 la llamada \u00absociedad Shandy\u00bb, formada por los escritores, fil\u00f3sofos y artistas m\u00e1s brillantes de los a\u00f1os veinte como Lorca, Scott Fitzgerald, Benjamin o Duchamp. Las reglas del juego: sus obras completas ten\u00edan que ser port\u00e1tiles (caber en una maleta) y los miembros deb\u00edan comportarse como perfectas m\u00e1quinas solteras. Otros m\u00e9ritos valorados, aunque no imprescindibles, eran: la insolencia, el esp\u00edritu innovador o ser un n\u00f3mada convencido. Del n\u00famero uno de la Spiegelgasse en Zurich (enfrente del Cabaret Voltaire) a Praga y Sevilla, Vila-Matas nos invita a revivir las andanzas de un grupo ins\u00f3lito y salvaje.<\/p>\n","protected":false},"featured_media":5740,"comment_status":"open","ping_status":"closed","template":"","meta":[],"class_list":{"0":"post-5659","1":"product","2":"type-product","3":"status-publish","4":"has-post-thumbnail","6":"product_cat-narrativa","7":"post","9":"first","10":"instock","11":"taxable","12":"shipping-taxable","13":"purchasable","14":"product-type-simple"},"_links":{"self":[{"href":"https:\/\/cienfuegos.fr\/index.php\/wp-json\/wp\/v2\/product\/5659","targetHints":{"allow":["GET"]}}],"collection":[{"href":"https:\/\/cienfuegos.fr\/index.php\/wp-json\/wp\/v2\/product"}],"about":[{"href":"https:\/\/cienfuegos.fr\/index.php\/wp-json\/wp\/v2\/types\/product"}],"replies":[{"embeddable":true,"href":"https:\/\/cienfuegos.fr\/index.php\/wp-json\/wp\/v2\/comments?post=5659"}],"wp:featuredmedia":[{"embeddable":true,"href":"https:\/\/cienfuegos.fr\/index.php\/wp-json\/wp\/v2\/media\/5740"}],"wp:attachment":[{"href":"https:\/\/cienfuegos.fr\/index.php\/wp-json\/wp\/v2\/media?parent=5659"}],"curies":[{"name":"wp","href":"https:\/\/api.w.org\/{rel}","templated":true}]}}