{"id":5648,"date":"2020-09-14T21:44:12","date_gmt":"2020-09-14T19:44:12","guid":{"rendered":"https:\/\/cienfuegos.fr\/?post_type=product&#038;p=5648"},"modified":"2020-09-15T20:36:32","modified_gmt":"2020-09-15T18:36:32","slug":"la-biblia-vaquera","status":"publish","type":"product","link":"https:\/\/cienfuegos.fr\/index.php\/product\/la-biblia-vaquera\/","title":{"rendered":"La biblia vaquera"},"content":{"rendered":"","protected":false},"excerpt":{"rendered":"<p>Autor: Vel\u00e1zquez, Carlo<br \/>\nEditorial: Sexto piso<br \/>\nA\u00f1o de publicaci\u00f3n:<br \/>\nN\u00famero de p\u00e1ginas:<br \/>\nI.S.B.N:<\/p>\n<p>PopSTock! es un territorio norte\u00f1o regido por \u00abel triunfo del corrido sobre la l\u00f3gica\u00bb. Por lugares tan diversos como Moncloyork, San Pedrosburgo y G\u00f3mez Pancracio se mueve con soltura la Biblia Vaquera, protagonista en todas sus encarnaciones de este singular volumen de relatos. La Biblia Vaquera es el talism\u00e1n del Espanto Jr. , un \u00abluchador diyei santero fan\u00e1tico religioso y pintor\u00bb que se enfrasca en duelos musicales sobre el ring de las principales arenas de lucha libre; en su faceta de Country Bible gana un \u00abre\u00e1liti chou\u00bb en el que los concursantes deben quemar discos piratas a toda velocidad; es tambi\u00e9n la codiciada piel de unas botas por las que el compositor de corridos Paulino vende al diablo una noche con su mujer, caus\u00e1ndole salvajes quemaduras en un baile; y al mismo tiempo es The Western Bible, una gorda descomunal que tiene la misi\u00f3n de devolver a un hombre el deseo sexual hacia su chamuscada esposa. La Biblia Vaquera captura los elementos m\u00e1s deformes de una realidad que escapa a toda clasificaci\u00f3n. Carlos Vel\u00e1zquez utiliza un lenguaje personal para crear mundos situados en otra dimensi\u00f3n. Con una iron\u00eda inmisericorde retrata la brutal comicidad de las tragedias y los triunfos de personajes arrasados por situaciones tan absurdas como veros\u00edmiles. Al final s\u00f3lo queda la certeza de estar habitando un territorio con leyes ajenas a todo aquel que, a diferencia de Vel\u00e1zquez, no las conozca desde sus entra\u00f1as.<\/p>\n","protected":false},"featured_media":5735,"comment_status":"open","ping_status":"closed","template":"","meta":[],"class_list":{"0":"post-5648","1":"product","2":"type-product","3":"status-publish","4":"has-post-thumbnail","6":"product_cat-narrativa","7":"post","9":"first","10":"instock","11":"taxable","12":"shipping-taxable","13":"purchasable","14":"product-type-simple"},"_links":{"self":[{"href":"https:\/\/cienfuegos.fr\/index.php\/wp-json\/wp\/v2\/product\/5648","targetHints":{"allow":["GET"]}}],"collection":[{"href":"https:\/\/cienfuegos.fr\/index.php\/wp-json\/wp\/v2\/product"}],"about":[{"href":"https:\/\/cienfuegos.fr\/index.php\/wp-json\/wp\/v2\/types\/product"}],"replies":[{"embeddable":true,"href":"https:\/\/cienfuegos.fr\/index.php\/wp-json\/wp\/v2\/comments?post=5648"}],"wp:featuredmedia":[{"embeddable":true,"href":"https:\/\/cienfuegos.fr\/index.php\/wp-json\/wp\/v2\/media\/5735"}],"wp:attachment":[{"href":"https:\/\/cienfuegos.fr\/index.php\/wp-json\/wp\/v2\/media?parent=5648"}],"curies":[{"name":"wp","href":"https:\/\/api.w.org\/{rel}","templated":true}]}}