{"id":5644,"date":"2020-09-14T21:37:08","date_gmt":"2020-09-14T19:37:08","guid":{"rendered":"https:\/\/cienfuegos.fr\/?post_type=product&#038;p=5644"},"modified":"2020-09-14T21:37:08","modified_gmt":"2020-09-14T19:37:08","slug":"manaos","status":"publish","type":"product","link":"https:\/\/cienfuegos.fr\/index.php\/product\/manaos\/","title":{"rendered":"Manaos"},"content":{"rendered":"","protected":false},"excerpt":{"rendered":"<p>Autor: V\u00e1zquez Figueroa, Alberto<br \/>\nEditorial:<br \/>\nA\u00f1o de publicaci\u00f3n:<br \/>\nN\u00famero de p\u00e1ginas:<br \/>\nI.S.B.N:<\/p>\n<p>En Manaos, perdidas en medio de la selva amaz\u00f3nica, se sencuentran las explotaciones de caucho. . . En Manaos, perdidas en medio de la selva amaz\u00f3nica, se encuentran las explotaciones de caucho del argentino Sierra, un despiadado terrateniente que esclaviza a los indios y los somete al hambre y al l\u00e1tigo para aumentar los beneficios de su producci\u00f3n. Entre los esclavos se encuentran el Nordestino, que fue a parar all\u00ed por una deuda que nunca lograr\u00e1 pagar, el Gringo, un antiguo guardaespaldas de Sierra condenado a la esclavitud por acostarse con Claudia, la amante del patr\u00f3n, y Ramiro Poco-poco, un indio auca reci\u00e9n llegado a la plantaci\u00f3n. Claudia tambi\u00e9n ha de ser castigada, pero cuando Sierra decide que le entregar\u00e1 a los caucheros, los tres esclavos elaborar\u00e1n un plan para rescatarla e intentar algo que hasta ese momento ning\u00fan hombre ha logrado: huir. En un viaje imposible a trav\u00e9s de la selva, de las pira\u00f1as, de los animales salvajes y, sobre todo, de los hombres de Sierra, cuatro personas est\u00e1n dispuestas a todo por su libertad.<\/p>\n","protected":false},"featured_media":0,"comment_status":"open","ping_status":"closed","template":"","meta":[],"class_list":{"0":"post-5644","1":"product","2":"type-product","3":"status-publish","5":"product_cat-narrativa","6":"post","8":"first","9":"instock","10":"taxable","11":"shipping-taxable","12":"purchasable","13":"product-type-simple"},"_links":{"self":[{"href":"https:\/\/cienfuegos.fr\/index.php\/wp-json\/wp\/v2\/product\/5644","targetHints":{"allow":["GET"]}}],"collection":[{"href":"https:\/\/cienfuegos.fr\/index.php\/wp-json\/wp\/v2\/product"}],"about":[{"href":"https:\/\/cienfuegos.fr\/index.php\/wp-json\/wp\/v2\/types\/product"}],"replies":[{"embeddable":true,"href":"https:\/\/cienfuegos.fr\/index.php\/wp-json\/wp\/v2\/comments?post=5644"}],"wp:attachment":[{"href":"https:\/\/cienfuegos.fr\/index.php\/wp-json\/wp\/v2\/media?parent=5644"}],"curies":[{"name":"wp","href":"https:\/\/api.w.org\/{rel}","templated":true}]}}