{"id":5636,"date":"2020-09-14T21:06:30","date_gmt":"2020-09-14T19:06:30","guid":{"rendered":"https:\/\/cienfuegos.fr\/?post_type=product&#038;p=5636"},"modified":"2020-09-15T19:29:29","modified_gmt":"2020-09-15T17:29:29","slug":"los-pajaros-de-bangkok","status":"publish","type":"product","link":"https:\/\/cienfuegos.fr\/index.php\/product\/los-pajaros-de-bangkok\/","title":{"rendered":"Los p\u00e1jaros de Bangkok"},"content":{"rendered":"","protected":false},"excerpt":{"rendered":"<p>Autor: V\u00e1zquez Montalb\u00e1n, Manuel<br \/>\nEditorial: Planeta<br \/>\nA\u00f1o de publicaci\u00f3n: 1992<br \/>\nN\u00famero de p\u00e1ginas:<br \/>\nI.S.B.N:<\/p>\n","protected":false},"featured_media":5730,"comment_status":"open","ping_status":"closed","template":"","meta":[],"class_list":{"0":"post-5636","1":"product","2":"type-product","3":"status-publish","4":"has-post-thumbnail","6":"product_cat-narrativa","7":"post","9":"first","10":"instock","11":"taxable","12":"shipping-taxable","13":"purchasable","14":"product-type-simple"},"_links":{"self":[{"href":"https:\/\/cienfuegos.fr\/index.php\/wp-json\/wp\/v2\/product\/5636","targetHints":{"allow":["GET"]}}],"collection":[{"href":"https:\/\/cienfuegos.fr\/index.php\/wp-json\/wp\/v2\/product"}],"about":[{"href":"https:\/\/cienfuegos.fr\/index.php\/wp-json\/wp\/v2\/types\/product"}],"replies":[{"embeddable":true,"href":"https:\/\/cienfuegos.fr\/index.php\/wp-json\/wp\/v2\/comments?post=5636"}],"wp:featuredmedia":[{"embeddable":true,"href":"https:\/\/cienfuegos.fr\/index.php\/wp-json\/wp\/v2\/media\/5730"}],"wp:attachment":[{"href":"https:\/\/cienfuegos.fr\/index.php\/wp-json\/wp\/v2\/media?parent=5636"}],"curies":[{"name":"wp","href":"https:\/\/api.w.org\/{rel}","templated":true}]}}