{"id":5592,"date":"2020-09-14T19:03:57","date_gmt":"2020-09-14T17:03:57","guid":{"rendered":"https:\/\/cienfuegos.fr\/?post_type=product&#038;p=5592"},"modified":"2020-09-14T19:03:57","modified_gmt":"2020-09-14T17:03:57","slug":"narradores-peruanos","status":"publish","type":"product","link":"https:\/\/cienfuegos.fr\/index.php\/product\/narradores-peruanos\/","title":{"rendered":"Narradores peruanos"},"content":{"rendered":"","protected":false},"excerpt":{"rendered":"<p>Autor: Oviedo, Jos\u00e9 Miguel<br \/>\nEditorial: Monte \u00c1vila<br \/>\nA\u00f1o de publicaci\u00f3n: 1968<br \/>\nN\u00famero de p\u00e1ginas:<br \/>\nI.S.B.N:<\/p>\n<p>Ed. Monte \u00c1vila., Caracas, 1968. Tapa blanda. 276. Antolog\u00eda. \/\/ AUTORES: Ciro Alegr\u00eda. Jos\u00e9 Mar\u00eda Arguedas. Julio Ram\u00f3n Ribeyro. Elodoro Vargas Vicu\u00f1a. Carlos E. Zavaleta. Enrique Congrains Mart\u00edn. Oswaldo Reynoso. Luis Koayza. Mario Vargas Llosa. Alfredo Bryce. Eduardo Gonz\u00e1lez Via\u00f1a. Miguel Guti\u00e9rrez.<\/p>\n","protected":false},"featured_media":0,"comment_status":"open","ping_status":"closed","template":"","meta":[],"class_list":{"0":"post-5592","1":"product","2":"type-product","3":"status-publish","5":"product_cat-narrativa","6":"post","8":"first","9":"instock","10":"taxable","11":"shipping-taxable","12":"purchasable","13":"product-type-simple"},"_links":{"self":[{"href":"https:\/\/cienfuegos.fr\/index.php\/wp-json\/wp\/v2\/product\/5592","targetHints":{"allow":["GET"]}}],"collection":[{"href":"https:\/\/cienfuegos.fr\/index.php\/wp-json\/wp\/v2\/product"}],"about":[{"href":"https:\/\/cienfuegos.fr\/index.php\/wp-json\/wp\/v2\/types\/product"}],"replies":[{"embeddable":true,"href":"https:\/\/cienfuegos.fr\/index.php\/wp-json\/wp\/v2\/comments?post=5592"}],"wp:attachment":[{"href":"https:\/\/cienfuegos.fr\/index.php\/wp-json\/wp\/v2\/media?parent=5592"}],"curies":[{"name":"wp","href":"https:\/\/api.w.org\/{rel}","templated":true}]}}