{"id":5563,"date":"2020-09-08T09:05:50","date_gmt":"2020-09-08T07:05:50","guid":{"rendered":"https:\/\/cienfuegos.fr\/?post_type=product&#038;p=5563"},"modified":"2020-09-08T09:06:05","modified_gmt":"2020-09-08T07:06:05","slug":"yo-el-supremo","status":"publish","type":"product","link":"https:\/\/cienfuegos.fr\/index.php\/product\/yo-el-supremo\/","title":{"rendered":"Yo el supremo"},"content":{"rendered":"","protected":false},"excerpt":{"rendered":"<p>Autor: Roa Bastos, Augusto \\nEditorial: Siglo XXI \\nA\u00f1o de publicaci\u00f3n: \\nN\u00famero de p\u00e1ginas:\\nI.S.B.N : \\n\\n Primera edici\u00f3n. En Yo el Supremo Augusto Roa Bastos retrat\u00f3 con suma complejidad hist\u00f3rica y simb\u00f3lica el mundo irreal de Jos\u00e9 Gaspar Rodr\u00edguez de Francia, quien gobern\u00f3 con mano de hierro el Paraguay entre 1814 y 1840. \u00c9l es la figura tot\u00e9mica de la novela, un hombre dedicado a la redacci\u00f3n de un interminable documento p\u00fablico, la Circular Perpetua, y cuyo contrapunto encontramos en Pati\u00f1o, su no siempre fidedigno secretario. La relaci\u00f3n del Doctor Francia con aduladores, intrigantes, s\u00fabditos y gobiernos vecinos fructifica en un torrente oral y textual que aspira a instituirse como poder absoluto encarnado en el verbo \u00fanico. Con esta obra, publicada originalmente en 1974, quedaron superadas hasta la fecha todas las convenciones del g\u00e9nero de la novela de dictador: Yo el Supremo es un cervantino monumento narrativo que versa sobre el poder y el individuo, la supremac\u00eda del discurso sobre la realidad, la Historia americana, la psicolog\u00eda del tirano y, lo que es m\u00e1s, los l\u00edmites del lenguaje y la novela misma.<\/p>\n","protected":false},"featured_media":5564,"comment_status":"open","ping_status":"closed","template":"","meta":[],"class_list":{"0":"post-5563","1":"product","2":"type-product","3":"status-publish","4":"has-post-thumbnail","6":"product_cat-narrativa-coleccionables","7":"post","9":"first","10":"instock","11":"taxable","12":"shipping-taxable","13":"purchasable","14":"product-type-simple"},"_links":{"self":[{"href":"https:\/\/cienfuegos.fr\/index.php\/wp-json\/wp\/v2\/product\/5563","targetHints":{"allow":["GET"]}}],"collection":[{"href":"https:\/\/cienfuegos.fr\/index.php\/wp-json\/wp\/v2\/product"}],"about":[{"href":"https:\/\/cienfuegos.fr\/index.php\/wp-json\/wp\/v2\/types\/product"}],"replies":[{"embeddable":true,"href":"https:\/\/cienfuegos.fr\/index.php\/wp-json\/wp\/v2\/comments?post=5563"}],"wp:featuredmedia":[{"embeddable":true,"href":"https:\/\/cienfuegos.fr\/index.php\/wp-json\/wp\/v2\/media\/5564"}],"wp:attachment":[{"href":"https:\/\/cienfuegos.fr\/index.php\/wp-json\/wp\/v2\/media?parent=5563"}],"curies":[{"name":"wp","href":"https:\/\/api.w.org\/{rel}","templated":true}]}}