{"id":5475,"date":"2020-09-05T15:48:38","date_gmt":"2020-09-05T13:48:38","guid":{"rendered":"https:\/\/cienfuegos.fr\/?post_type=product&#038;p=5475"},"modified":"2020-09-05T22:18:45","modified_gmt":"2020-09-05T20:18:45","slug":"palacio-de-olvido","status":"publish","type":"product","link":"https:\/\/cienfuegos.fr\/index.php\/product\/palacio-de-olvido\/","title":{"rendered":"Palacio de olvido"},"content":{"rendered":"","protected":false},"excerpt":{"rendered":"<p>Autor: Tabbia, Alberto<br \/>\nEditorial: La bestia equil\u00e1tera<br \/>\nFecha de publicaci\u00f3n:<br \/>\nP\u00e1ginas: 176<\/p>\n<p>Todos hemos conocido alg\u00fan espl\u00e9ndido lector \u2014fino, penetrante, ajeno a las modas\u2014 que no escrib\u00eda. O por lo menos que negaba hacerlo O, colmo de la supercher\u00eda, que publicaba ocasionalmente un art\u00edculo que dejaba con ganas de leer m\u00e1s, de saber m\u00e1s de su mirada, de sus gustos, de su prosa. El \u201cescritor que no escribe\u201d, figura reconocida, es a veces el \u201cescritor que no publica\u201d. Alberto Tabbia (1929-1997) fue un miembro distinguido de esa cofrad\u00eda. Este volumen re\u00fane sus escritos dispersos, en su mayor\u00eda in\u00e9ditos. El lector descubrir\u00e1 que la vida de Elvis Presley puede ser narrada por la literatura del southern gothic norteamericano; que Galina Br\u00e9zhneva, hija incorregible del l\u00edder sovi\u00e9tico, cedi\u00f3 a su pasi\u00f3n por atletas de circo y contrabandistas de diamantes; que nada desaf\u00eda la verosimilitud como una serie de impostores o mit\u00f3manos, desde la supuesta princesa de origen ex\u00f3tico e inverificable que sedujo a la sociedad inglesa antes de terminar como vendedora de sanguijuelas hasta el diplom\u00e1tico franc\u00e9s que cre\u00eda haber engendrado un hijo con un travesti de la \u00f3pera de Pek\u00edn. En medio de un riqu\u00edsimo repertorio de citas literarias, Tabbia tambi\u00e9n comparte los brillos verbales de Jos\u00e9 Bianco y siembra inesperadas semillas de ficci\u00f3n en la memoria de una infancia suburbana de los a\u00f1os 30.<\/p>\n","protected":false},"featured_media":5476,"comment_status":"open","ping_status":"closed","template":"","meta":[],"class_list":{"0":"post-5475","1":"product","2":"type-product","3":"status-publish","4":"has-post-thumbnail","6":"product_cat-narrativa","7":"post","9":"first","10":"instock","11":"taxable","12":"shipping-taxable","13":"product-type-simple"},"_links":{"self":[{"href":"https:\/\/cienfuegos.fr\/index.php\/wp-json\/wp\/v2\/product\/5475","targetHints":{"allow":["GET"]}}],"collection":[{"href":"https:\/\/cienfuegos.fr\/index.php\/wp-json\/wp\/v2\/product"}],"about":[{"href":"https:\/\/cienfuegos.fr\/index.php\/wp-json\/wp\/v2\/types\/product"}],"replies":[{"embeddable":true,"href":"https:\/\/cienfuegos.fr\/index.php\/wp-json\/wp\/v2\/comments?post=5475"}],"wp:featuredmedia":[{"embeddable":true,"href":"https:\/\/cienfuegos.fr\/index.php\/wp-json\/wp\/v2\/media\/5476"}],"wp:attachment":[{"href":"https:\/\/cienfuegos.fr\/index.php\/wp-json\/wp\/v2\/media?parent=5475"}],"curies":[{"name":"wp","href":"https:\/\/api.w.org\/{rel}","templated":true}]}}