{"id":5470,"date":"2020-09-05T11:57:25","date_gmt":"2020-09-05T09:57:25","guid":{"rendered":"https:\/\/cienfuegos.fr\/?post_type=product&#038;p=5470"},"modified":"2020-09-05T11:57:26","modified_gmt":"2020-09-05T09:57:26","slug":"los-ovnis-de-oro-golden-ufos","status":"publish","type":"product","link":"https:\/\/cienfuegos.fr\/index.php\/product\/los-ovnis-de-oro-golden-ufos\/","title":{"rendered":"Los ovnis de oro\/Golden UFOs"},"content":{"rendered":"","protected":false},"excerpt":{"rendered":"<p>Autor: Cardenal, Ernesto<br \/>\nEditorial: Indiana University PRess<br \/>\nFecha de publicaci\u00f3n: 1992<br \/>\nEdici\u00f3n bilingue, y \u00fanica edici\u00f3n completa de los poemas indios de Ernesto Cardenal.<\/p>\n","protected":false},"featured_media":5471,"comment_status":"open","ping_status":"closed","template":"","meta":[],"class_list":{"0":"post-5470","1":"product","2":"type-product","3":"status-publish","4":"has-post-thumbnail","6":"product_cat-poesia","7":"post","9":"first","10":"instock","11":"taxable","12":"shipping-taxable","13":"purchasable","14":"product-type-simple"},"_links":{"self":[{"href":"https:\/\/cienfuegos.fr\/index.php\/wp-json\/wp\/v2\/product\/5470","targetHints":{"allow":["GET"]}}],"collection":[{"href":"https:\/\/cienfuegos.fr\/index.php\/wp-json\/wp\/v2\/product"}],"about":[{"href":"https:\/\/cienfuegos.fr\/index.php\/wp-json\/wp\/v2\/types\/product"}],"replies":[{"embeddable":true,"href":"https:\/\/cienfuegos.fr\/index.php\/wp-json\/wp\/v2\/comments?post=5470"}],"wp:featuredmedia":[{"embeddable":true,"href":"https:\/\/cienfuegos.fr\/index.php\/wp-json\/wp\/v2\/media\/5471"}],"wp:attachment":[{"href":"https:\/\/cienfuegos.fr\/index.php\/wp-json\/wp\/v2\/media?parent=5470"}],"curies":[{"name":"wp","href":"https:\/\/api.w.org\/{rel}","templated":true}]}}