{"id":5203,"date":"2020-08-21T09:56:47","date_gmt":"2020-08-21T07:56:47","guid":{"rendered":"https:\/\/cienfuegos.fr\/?post_type=product&#038;p=5203"},"modified":"2020-08-21T09:57:30","modified_gmt":"2020-08-21T07:57:30","slug":"vacaciones-permanentes","status":"publish","type":"product","link":"https:\/\/cienfuegos.fr\/index.php\/product\/vacaciones-permanentes\/","title":{"rendered":"Vacaciones permanentes"},"content":{"rendered":"<p>Autor: Colanzi, Liliana<\/p>\n<p>Editorial: Tropo editores<\/p>\n<p>A\u00f1o de publicaci\u00f3n: 2012<\/p>\n<p>N\u00famero de p\u00e1ginas: 120<\/p>\n","protected":false},"excerpt":{"rendered":"<p>Autor: Colanzi, Liliana Editorial: Tropo editores A\u00f1o de publicaci\u00f3n: 2012 N\u00famero de p\u00e1ginas: 120<\/p>\n","protected":false},"featured_media":5204,"comment_status":"open","ping_status":"closed","template":"","meta":[],"class_list":{"0":"post-5203","1":"product","2":"type-product","3":"status-publish","4":"has-post-thumbnail","6":"product_cat-narrativa","7":"post","9":"first","10":"instock","11":"taxable","12":"shipping-taxable","13":"purchasable","14":"product-type-simple"},"_links":{"self":[{"href":"https:\/\/cienfuegos.fr\/index.php\/wp-json\/wp\/v2\/product\/5203","targetHints":{"allow":["GET"]}}],"collection":[{"href":"https:\/\/cienfuegos.fr\/index.php\/wp-json\/wp\/v2\/product"}],"about":[{"href":"https:\/\/cienfuegos.fr\/index.php\/wp-json\/wp\/v2\/types\/product"}],"replies":[{"embeddable":true,"href":"https:\/\/cienfuegos.fr\/index.php\/wp-json\/wp\/v2\/comments?post=5203"}],"wp:featuredmedia":[{"embeddable":true,"href":"https:\/\/cienfuegos.fr\/index.php\/wp-json\/wp\/v2\/media\/5204"}],"wp:attachment":[{"href":"https:\/\/cienfuegos.fr\/index.php\/wp-json\/wp\/v2\/media?parent=5203"}],"curies":[{"name":"wp","href":"https:\/\/api.w.org\/{rel}","templated":true}]}}