{"id":5170,"date":"2020-08-19T00:02:54","date_gmt":"2020-08-18T22:02:54","guid":{"rendered":"https:\/\/cienfuegos.fr\/?post_type=product&#038;p=5170"},"modified":"2025-05-29T16:26:59","modified_gmt":"2025-05-29T14:26:59","slug":"la-soledad-del-lector","status":"publish","type":"product","link":"https:\/\/cienfuegos.fr\/index.php\/product\/la-soledad-del-lector\/","title":{"rendered":"La soledad del lector"},"content":{"rendered":"","protected":false},"excerpt":{"rendered":"<p>ISBN: 978-987-1739-18-9<br \/>\nP\u00e1ginas: 256<br \/>\nTraducci\u00f3n Laura Wittner<\/p>\n<p>Un hombre se propone familiarizarse con el espacio que habita. Mientras observa el movimiento a su alrededor, lee, acumula citas y toma apuntes. Escritores, fil\u00f3sofos, artistas, la historia del arte y la cultura. Crea, con pocos elementos, una especie de teatro de c\u00e1mara con dos personajes, el Protagonista y el Lector, y una playa o un cementerio como escenarios posibles. Ese es el relato aparente de esta novela, su enga\u00f1osa superficie. A poco de avanzar, las citas y los apuntes nos van asomando a un universo en el que debemos desplazarnos como en el tablero de un juego misterioso, tal vez genial, cuyas piezas son la vida, la muerte, el amor, el suicidio, la enfermedad, el arte como juego, el arte como extrema experiencia vital.<br \/>\nDavid Markson, quien debut\u00f3 en la d\u00e9cada del sesenta como uno de los m\u00e1s avezados narradores de g\u00e9nero \u2014policial, western\u2014, encontr\u00f3 en los \u00faltimos a\u00f1os de su vida la clave \u00fanica de un proyecto narrativo sorprendente por la sencillez de sus recursos y admirable por su alcance y profundidad.<\/p>\n<p>\u201cHipn\u00f3tico\u201d.<br \/>\nKurt Vonnegut Jr.<\/p>\n<p>\u201cNadie, excepto Beckett, puede ser tan divertido y tan triste al mismo tiempo\u201d.<br \/>\nAnn Beattie<\/p>\n<p>\u201cEl punto m\u00e1s alto que podamos encontrar en la ficci\u00f3n experimental de los Estados Unidos\u201d.<br \/>\nDavid Foster Wallace<\/p>\n<p>David Markson naci\u00f3 en Albany, Nueva York, el 20 de diciembre de 1927. Mientras estudiaba en Columbia, inici\u00f3 correspondencia con Malcolm Lowry. Se hicieron muy amigos, como lo prueba el epistolario de Lowry. La tesis de Markson sobre Bajo el volc\u00e1n se public\u00f3 en 1978. Mientras trabajaba como periodista, se dedic\u00f3 a investigar (y sobrevivir) la bohemia de la d\u00e9cada del cincuenta en compa\u00f1\u00eda de escritores como Conrad Aiken, Dylan Thomas, Jack Kerouac. Es este \u00faltimo el que influye sobre todo en las primeras novelas de Markson. Como escritor de policiales \u2014Epitaph for a Tramp(1959) y Epitaph for a Dead Beat (1961)\u2014, muchos cr\u00edticos aseguran que no encuentran otro parang\u00f3n que Chandler. La primera puede leerse tambi\u00e9n como un comentario tr\u00e1gico sobre el adulterio, lo contrario de una moraleja c\u00ednica sobre la libertad sexual; la \u00faltima le permite ironizar sobre el tipo de existencia bohemia que comparti\u00f3 con los escritores que se sacrificar\u00edan en su propia leyenda, como Allen Ginsberg. Hay que considerar que estos libros Markson los escrib\u00eda por encargo, por dinero, y que sin embargo la exigencia de calidad nunca cedi\u00f3 ante las facilidades y garant\u00edas del g\u00e9nero. La obra posterior acusa ya la influencia del existencialismo y las lecturas filos\u00f3ficas. Son parejamente admirables: Wittgenstein\u2019s Mistress (1988), Springer\u2019s Progress (l990) y la serie que inicia La soledad del lector (1996): This is not a Novel (2001), Vanishing Point (2004) y The Last Novel (2007). David Markson muri\u00f3 en Nueva York en 2010.<\/p>\n","protected":false},"featured_media":5171,"comment_status":"open","ping_status":"closed","template":"","meta":[],"class_list":{"0":"post-5170","1":"product","2":"type-product","3":"status-publish","4":"has-post-thumbnail","6":"product_cat-ensayo","7":"post","9":"first","10":"instock","11":"taxable","12":"shipping-taxable","13":"purchasable","14":"product-type-simple"},"_links":{"self":[{"href":"https:\/\/cienfuegos.fr\/index.php\/wp-json\/wp\/v2\/product\/5170","targetHints":{"allow":["GET"]}}],"collection":[{"href":"https:\/\/cienfuegos.fr\/index.php\/wp-json\/wp\/v2\/product"}],"about":[{"href":"https:\/\/cienfuegos.fr\/index.php\/wp-json\/wp\/v2\/types\/product"}],"replies":[{"embeddable":true,"href":"https:\/\/cienfuegos.fr\/index.php\/wp-json\/wp\/v2\/comments?post=5170"}],"wp:featuredmedia":[{"embeddable":true,"href":"https:\/\/cienfuegos.fr\/index.php\/wp-json\/wp\/v2\/media\/5171"}],"wp:attachment":[{"href":"https:\/\/cienfuegos.fr\/index.php\/wp-json\/wp\/v2\/media?parent=5170"}],"curies":[{"name":"wp","href":"https:\/\/api.w.org\/{rel}","templated":true}]}}