{"id":5168,"date":"2020-08-18T23:57:52","date_gmt":"2020-08-18T21:57:52","guid":{"rendered":"https:\/\/cienfuegos.fr\/?post_type=product&#038;p=5168"},"modified":"2020-08-20T16:44:33","modified_gmt":"2020-08-20T14:44:33","slug":"wanderlust-una-historia-del-caminar","status":"publish","type":"product","link":"https:\/\/cienfuegos.fr\/index.php\/product\/wanderlust-una-historia-del-caminar\/","title":{"rendered":"Wanderlust. Una historia del caminar"},"content":{"rendered":"","protected":false},"excerpt":{"rendered":"<p>\u00bfDesde cu\u00e1ndo caminamos? \u00bfSomos todos iguales mientras lo hacemos? \u00bfSe podr\u00eda caminar m\u00e1s? \u00bfQu\u00e9 implicancia tiene hacerlo de d\u00eda o de noche? \u00bfCambia el sentido si quien camina es mujer, o si es en grupo? Estas preguntas simples y atemporales son, curiosamente, b\u00e1sicas para la filosof\u00eda, la pol\u00edtica y la biolog\u00eda humana. Rebecca Solnit las aborda en este libro fascinante, que habla de peregrinaciones religiosas y rondas de prostitutas, de excursiones tur\u00edsticas y marchas pol\u00edticas, de meditaciones est\u00e9ticas y desaf\u00edos deportivos.<br \/>\nAutor: Rebecca Solnit<br \/>\nEditorial: Hueders<br \/>\nISBN: 9789568935573<br \/>\nP\u00e1ginas: 479<br \/>\nA\u00f1o de publicaci\u00f3n: 2015<\/p>\n","protected":false},"featured_media":5184,"comment_status":"open","ping_status":"closed","template":"","meta":[],"class_list":{"0":"post-5168","1":"product","2":"type-product","3":"status-publish","4":"has-post-thumbnail","6":"product_cat-ensayo","7":"post","9":"first","10":"instock","11":"taxable","12":"shipping-taxable","13":"purchasable","14":"product-type-simple"},"_links":{"self":[{"href":"https:\/\/cienfuegos.fr\/index.php\/wp-json\/wp\/v2\/product\/5168","targetHints":{"allow":["GET"]}}],"collection":[{"href":"https:\/\/cienfuegos.fr\/index.php\/wp-json\/wp\/v2\/product"}],"about":[{"href":"https:\/\/cienfuegos.fr\/index.php\/wp-json\/wp\/v2\/types\/product"}],"replies":[{"embeddable":true,"href":"https:\/\/cienfuegos.fr\/index.php\/wp-json\/wp\/v2\/comments?post=5168"}],"wp:featuredmedia":[{"embeddable":true,"href":"https:\/\/cienfuegos.fr\/index.php\/wp-json\/wp\/v2\/media\/5184"}],"wp:attachment":[{"href":"https:\/\/cienfuegos.fr\/index.php\/wp-json\/wp\/v2\/media?parent=5168"}],"curies":[{"name":"wp","href":"https:\/\/api.w.org\/{rel}","templated":true}]}}