{"id":51,"date":"2020-02-01T00:24:58","date_gmt":"2020-01-31T23:24:58","guid":{"rendered":"https:\/\/cienfuegos.fr\/?post_type=product&#038;p=51"},"modified":"2025-05-30T05:55:15","modified_gmt":"2025-05-30T03:55:15","slug":"otro-rio-que-pasa-antologia","status":"publish","type":"product","link":"https:\/\/cienfuegos.fr\/index.php\/product\/otro-rio-que-pasa-antologia\/","title":{"rendered":"Otro r\u00edo que pasa (antolog\u00eda)"},"content":{"rendered":"","protected":false},"excerpt":{"rendered":"<p>Editorial: Bajo la Luna<br \/>\nI.S.B.N : 9789879108932<br \/>\nP\u00e1ginas:320<\/p>\n<p>100 poemas seleccionados por: Santiago Sylvester, Javier Ad\u00fariz, Jorge Fondebrider, Jorge Aulicino, Javier C\u00f3freces, Tamara Kamenszain, Diana Bellessi, Fabi\u00e1n Casas, Eduardo Mileo y Mirta Rosenberg. Estos diez poetas son los encargados de llevar a cabo la selecci\u00f3n para esta antolog\u00eda; a cada uno se le asign\u00f3 una d\u00e9cada de los \u00faltimos cien a\u00f1os y se le pidi\u00f3 que eligiera, seg\u00fan su opini\u00f3n, los diez poemas m\u00e1s representativos de ese per\u00edodo. Otro r\u00edo que pasa conforma de este modo un itinerario azaroso y autorizado a la vez de lectura de la poes\u00eda argentina del \u00faltimo siglo.<\/p>\n","protected":false},"featured_media":0,"comment_status":"open","ping_status":"closed","template":"","meta":[],"class_list":{"0":"post-51","1":"product","2":"type-product","3":"status-publish","5":"product_cat-uncategorized","6":"post","8":"first","9":"instock","10":"taxable","11":"shipping-taxable","12":"purchasable","13":"product-type-simple"},"_links":{"self":[{"href":"https:\/\/cienfuegos.fr\/index.php\/wp-json\/wp\/v2\/product\/51","targetHints":{"allow":["GET"]}}],"collection":[{"href":"https:\/\/cienfuegos.fr\/index.php\/wp-json\/wp\/v2\/product"}],"about":[{"href":"https:\/\/cienfuegos.fr\/index.php\/wp-json\/wp\/v2\/types\/product"}],"replies":[{"embeddable":true,"href":"https:\/\/cienfuegos.fr\/index.php\/wp-json\/wp\/v2\/comments?post=51"}],"wp:attachment":[{"href":"https:\/\/cienfuegos.fr\/index.php\/wp-json\/wp\/v2\/media?parent=51"}],"curies":[{"name":"wp","href":"https:\/\/api.w.org\/{rel}","templated":true}]}}