{"id":40,"date":"2020-02-01T00:09:38","date_gmt":"2020-01-31T23:09:38","guid":{"rendered":"https:\/\/cienfuegos.fr\/?post_type=product&#038;p=40"},"modified":"2020-04-24T21:13:14","modified_gmt":"2020-04-24T19:13:14","slug":"penultimos-33-poetas-de-argentina-1965-1985","status":"publish","type":"product","link":"https:\/\/cienfuegos.fr\/index.php\/product\/penultimos-33-poetas-de-argentina-1965-1985\/","title":{"rendered":"Pen\u00faltimos. 33 poetas de Argentina (1965-1985)"},"content":{"rendered":"","protected":false},"excerpt":{"rendered":"<p>AAVV<br \/>\nSelecci\u00f3n y pr\u00f3logo: Ezequiel Zaidenwerg<br \/>\nISBN\/ISSN: 9786070260414<\/p>\n<p>Aunque menos conocidos en nuestro pa\u00eds que muchos de los nombres que los preceden cronol\u00f3gicamente, estos treinta y tres poetas son, m\u00e1s que un secreto, una constataci\u00f3n de la fuerza, la pluralidad de voces y la diversidad de estilos de la poes\u00eda actual de Argentina y, antes que un rumor, una certeza que se refrenda en este libro.<\/p>\n","protected":false},"featured_media":0,"comment_status":"open","ping_status":"closed","template":"","meta":[],"class_list":{"0":"post-40","1":"product","2":"type-product","3":"status-publish","5":"product_cat-uncategorized","6":"post","8":"first","9":"instock","10":"taxable","11":"shipping-taxable","12":"purchasable","13":"product-type-simple"},"_links":{"self":[{"href":"https:\/\/cienfuegos.fr\/index.php\/wp-json\/wp\/v2\/product\/40","targetHints":{"allow":["GET"]}}],"collection":[{"href":"https:\/\/cienfuegos.fr\/index.php\/wp-json\/wp\/v2\/product"}],"about":[{"href":"https:\/\/cienfuegos.fr\/index.php\/wp-json\/wp\/v2\/types\/product"}],"replies":[{"embeddable":true,"href":"https:\/\/cienfuegos.fr\/index.php\/wp-json\/wp\/v2\/comments?post=40"}],"wp:attachment":[{"href":"https:\/\/cienfuegos.fr\/index.php\/wp-json\/wp\/v2\/media?parent=40"}],"curies":[{"name":"wp","href":"https:\/\/api.w.org\/{rel}","templated":true}]}}