{"id":3543,"date":"2020-07-13T17:16:46","date_gmt":"2020-07-13T15:16:46","guid":{"rendered":"https:\/\/cienfuegos.fr\/?post_type=product&#038;p=3543"},"modified":"2020-08-09T07:59:14","modified_gmt":"2020-08-09T05:59:14","slug":"encaranacion","status":"publish","type":"product","link":"https:\/\/cienfuegos.fr\/index.php\/product\/encaranacion\/","title":{"rendered":"Encaranaci\u00f3n"},"content":{"rendered":"","protected":false},"excerpt":{"rendered":"<p>Autor: De Alencar, Jos\u00e9<br \/>\nEditorial:<br \/>\nA\u00f1o de publicaci\u00f3n:<br \/>\nN\u00famero de p\u00e1ginas:<br \/>\nI.S.B.N:<br \/>\n\u00bfQu\u00e9 imagen tenemos de la persona que amamos? \u00bfA qui\u00e9n vemos al mirarla? \u00bfConcuerda con la realidad, con la que los dem\u00e1s ven, o es una imagen que traemos de nuestro pasado? Esta novela de uno de los principales autores brasile\u00f1os de todos los tiempos nos muestra c\u00f3mo en una situaci\u00f3n extrema el presente y el pasado a veces nos confunden en el amor. Jos\u00e9 Alencar (1829-1877), pol\u00edtico, dramaturgo, periodista y abogado, alcanz\u00f3 la fama con novelas como Encarnaci\u00f3n o Iracema.<\/p>\n","protected":false},"featured_media":5133,"comment_status":"closed","ping_status":"closed","template":"","meta":[],"class_list":{"0":"post-3543","1":"product","2":"type-product","3":"status-publish","4":"has-post-thumbnail","6":"product_cat-narrativa","7":"post","9":"first","10":"instock","11":"taxable","12":"shipping-taxable","13":"purchasable","14":"product-type-simple"},"_links":{"self":[{"href":"https:\/\/cienfuegos.fr\/index.php\/wp-json\/wp\/v2\/product\/3543","targetHints":{"allow":["GET"]}}],"collection":[{"href":"https:\/\/cienfuegos.fr\/index.php\/wp-json\/wp\/v2\/product"}],"about":[{"href":"https:\/\/cienfuegos.fr\/index.php\/wp-json\/wp\/v2\/types\/product"}],"replies":[{"embeddable":true,"href":"https:\/\/cienfuegos.fr\/index.php\/wp-json\/wp\/v2\/comments?post=3543"}],"wp:featuredmedia":[{"embeddable":true,"href":"https:\/\/cienfuegos.fr\/index.php\/wp-json\/wp\/v2\/media\/5133"}],"wp:attachment":[{"href":"https:\/\/cienfuegos.fr\/index.php\/wp-json\/wp\/v2\/media?parent=3543"}],"curies":[{"name":"wp","href":"https:\/\/api.w.org\/{rel}","templated":true}]}}