{"id":3534,"date":"2020-07-13T17:16:32","date_gmt":"2020-07-13T15:16:32","guid":{"rendered":"https:\/\/cienfuegos.fr\/?post_type=product&#038;p=3534"},"modified":"2020-08-09T12:58:28","modified_gmt":"2020-08-09T10:58:28","slug":"lancha-rapida","status":"publish","type":"product","link":"https:\/\/cienfuegos.fr\/index.php\/product\/lancha-rapida\/","title":{"rendered":"Lancha r\u00e1pida"},"content":{"rendered":"","protected":false},"excerpt":{"rendered":"<p>Autor: Adler, Renata<br \/>\nEditorial: Sexto piso<br \/>\nA\u00f1o de publicaci\u00f3n:<br \/>\nN\u00famero de p\u00e1ginas:<br \/>\nI.S.B.N:<\/p>\n<p>De las cenizas del sue\u00f1o libertario y hippie de los sesenta, surgen la desorientaci\u00f3n y un v\u00e9rtigo que en \u00abLancha r\u00e1pida\u00bb no s\u00f3lo funcionan como el trasfondo de la novela (y de la \u00e9poca) sino que se convierten en la forma misma de la narraci\u00f3n, una narraci\u00f3n acelerada, nerviosa, intermitente: listas, fragmentos, vi\u00f1etas de vida, chistes, p\u00e1rrafos el\u00e9ctricos que devienen inventarios y collages de la conciencia. . . Una manera de atrapar lo ef\u00edmero, el cambio continuo que se escurre entre nuestras manos incesantemente. El libro pone en juego una (con)fusi\u00f3n entre el todo y las partes, entre lo literal y lo figurado, la seducci\u00f3n y la amenaza, la causa y el efecto.<\/p>\n","protected":false},"featured_media":5124,"comment_status":"closed","ping_status":"closed","template":"","meta":[],"class_list":{"0":"post-3534","1":"product","2":"type-product","3":"status-publish","4":"has-post-thumbnail","6":"product_cat-narrativa","7":"post","9":"first","10":"instock","11":"taxable","12":"shipping-taxable","13":"purchasable","14":"product-type-simple"},"_links":{"self":[{"href":"https:\/\/cienfuegos.fr\/index.php\/wp-json\/wp\/v2\/product\/3534","targetHints":{"allow":["GET"]}}],"collection":[{"href":"https:\/\/cienfuegos.fr\/index.php\/wp-json\/wp\/v2\/product"}],"about":[{"href":"https:\/\/cienfuegos.fr\/index.php\/wp-json\/wp\/v2\/types\/product"}],"replies":[{"embeddable":true,"href":"https:\/\/cienfuegos.fr\/index.php\/wp-json\/wp\/v2\/comments?post=3534"}],"wp:featuredmedia":[{"embeddable":true,"href":"https:\/\/cienfuegos.fr\/index.php\/wp-json\/wp\/v2\/media\/5124"}],"wp:attachment":[{"href":"https:\/\/cienfuegos.fr\/index.php\/wp-json\/wp\/v2\/media?parent=3534"}],"curies":[{"name":"wp","href":"https:\/\/api.w.org\/{rel}","templated":true}]}}