{"id":3488,"date":"2020-07-13T17:15:23","date_gmt":"2020-07-13T15:15:23","guid":{"rendered":"https:\/\/cienfuegos.fr\/?post_type=product&#038;p=3488"},"modified":"2020-08-20T16:22:10","modified_gmt":"2020-08-20T14:22:10","slug":"los-rios-profundos-2","status":"publish","type":"product","link":"https:\/\/cienfuegos.fr\/index.php\/product\/los-rios-profundos-2\/","title":{"rendered":"Los r\u00edos profundos"},"content":{"rendered":"","protected":false},"excerpt":{"rendered":"<p>Autor: Arguedas, Jos\u00e9 Mar\u00eda<br \/>\nEditorial: Losada<br \/>\nA\u00f1o de publicaci\u00f3n:<br \/>\nN\u00famero de p\u00e1ginas:<br \/>\nI.S.B.N:<\/p>\n<p>\u00abLos primeros en superar estas contradicciones (o sea aqu\u00e9llas en que incurr\u00edan tanto hispanistas como indigenistas) y romper el c\u00edrculo vicioso en que giraba la literatura peruana son C\u00e9sar Vallejo, en poes\u00eda, y Jos\u00e9 Maria Arguedas, en la narrativa.\u00bb Sin duda Mario Vargas Llosa tiene raz\u00f3n: Jos\u00e9 Maria Arguedas (Andahuaylas, 18\/1\/1911 &#8211; Lima, 2\/12\/1969) configura un hito fundamental en el desarrollo de la literatura peruana. De hecho, su obra abre las puertas de la modernidad, concluyendo magistralmente las experiencias del movimiento indigenista e inaugurando la etapa actual, que se caracteriza por una diversidad tem\u00e1tica inusitada y por la permanente indagaci\u00f3n en el plano ling\u00fc\u00edstico. La producci\u00f3n literaria de Arguedas comprende novelas (Yawar Fiesta, 1941; Los r\u00edos profundos, 1958; El Sexto, 1961; Todas las sangres, 1964; El zorro de arriba y el zorro de abajo, 1971), tres vol\u00famenes de cuentos (Agua, 1935; Diamantes y pedernales, 1954; Amor mundo, 1967, un relato estupendo (La agon\u00eda de Rasu \u00d1iti, 1962), algunas poes\u00edas no recogidas en libro y una vasta labor como traductor y estudioso de la literatura en lengua quechua. La Editorial Losada, que public\u00f3 por primera vez varias de las obras de Arguedas, ha incorporado a su cat\u00e1logo la totalidad de su producci\u00f3n narrativa y un excelente estudio org\u00e1nico de la misma: Los universos narrativos de Jos\u00e9 Maria Arguedas, por Antonio Cornejo Polar. La presente edici\u00f3n de Yawar Fiesta ha tenido en cuenta la originaria de 1941, otra peruana de 1958, y finalmente, una chilena de 1968 revisada por el autor y que puede considerarse como texto definitivo.<\/p>\n","protected":false},"featured_media":5181,"comment_status":"closed","ping_status":"closed","template":"","meta":[],"class_list":{"0":"post-3488","1":"product","2":"type-product","3":"status-publish","4":"has-post-thumbnail","6":"product_cat-narrativa","7":"post","9":"first","10":"instock","11":"taxable","12":"shipping-taxable","13":"purchasable","14":"product-type-simple"},"_links":{"self":[{"href":"https:\/\/cienfuegos.fr\/index.php\/wp-json\/wp\/v2\/product\/3488","targetHints":{"allow":["GET"]}}],"collection":[{"href":"https:\/\/cienfuegos.fr\/index.php\/wp-json\/wp\/v2\/product"}],"about":[{"href":"https:\/\/cienfuegos.fr\/index.php\/wp-json\/wp\/v2\/types\/product"}],"replies":[{"embeddable":true,"href":"https:\/\/cienfuegos.fr\/index.php\/wp-json\/wp\/v2\/comments?post=3488"}],"wp:featuredmedia":[{"embeddable":true,"href":"https:\/\/cienfuegos.fr\/index.php\/wp-json\/wp\/v2\/media\/5181"}],"wp:attachment":[{"href":"https:\/\/cienfuegos.fr\/index.php\/wp-json\/wp\/v2\/media?parent=3488"}],"curies":[{"name":"wp","href":"https:\/\/api.w.org\/{rel}","templated":true}]}}