{"id":3482,"date":"2020-07-13T17:15:14","date_gmt":"2020-07-13T15:15:14","guid":{"rendered":"https:\/\/cienfuegos.fr\/?post_type=product&#038;p=3482"},"modified":"2020-08-11T06:24:25","modified_gmt":"2020-08-11T04:24:25","slug":"historia-descabellada-de-la-peluca","status":"publish","type":"product","link":"https:\/\/cienfuegos.fr\/index.php\/product\/historia-descabellada-de-la-peluca\/","title":{"rendered":"Historia descabellada de la peluca"},"content":{"rendered":"","protected":false},"excerpt":{"rendered":"<p>Autor: Amara, Luigi<br \/>\nEditorial: Sexto piso<br \/>\nA\u00f1o de publicaci\u00f3n:<br \/>\nN\u00famero de p\u00e1ginas:<br \/>\nI.S.B.N:<\/p>\n<p>Buen estado. El pelo, una de esas menudencias en las que nadie piensa, pero que cambian culturas enteras.\u00bb La frase proviene de las memorias de Keith Richards, guitarrista de los Rolling Stones, pero tambi\u00e9n pudo haber sido la primera l\u00ednea de este libro inclasificable que, con una desmesura que acaso participa del fetichismo y que no excluye la provocaci\u00f3n, se ha propuesto pensar en la peluca, en lo que tiene de impostura y de prot\u00e9sico, como una v\u00eda oblicua para elaborar un retrato de la civilizaci\u00f3n occidental. Mam\u00edfera y artificial, juguete del yo que ha sido insignia del poder y c\u00f3mplice de una idea maleable de belleza, atrezo del disfraz y la simulaci\u00f3n, la peluca ha estado del lado de la b\u00fasqueda de identidad tanto como de la parodia y la irreverencia, y si hasta hace muy poco, pese a su anacronismo y ridiculez manifiesta, cumpl\u00eda una funci\u00f3n ritual en el sistema de justicia brit\u00e1nico, en una \u00e9poca contribuy\u00f3 a que lo aparatoso e in\u00fatil se elevara a la categor\u00eda de buen gusto. Pero la cabellera postiza no es s\u00f3lo una empolvada excentricidad de otro tiempo; ya sea como pasadizo sint\u00e9tico hacia una libertad ef\u00edmera, ya como cuerpo muerto que se lleva a modo de refacci\u00f3n, est\u00e1 presente lo mismo en las fiestas que en las salas de quimioterapia, en las bandas criminales y la m\u00fasica pop, en las fantas\u00edas travestis y el arte contempor\u00e1neo. Con una elocuencia humor\u00edstica que no renuncia a la profundidad, Luigi Amara desgrana uno tras otro los curiosos episodios que la peluca ha protagonizado a lo largo de la historia. Descreer del orden cronol\u00f3gico o, mejor, confiar en la idea del mosaico o del tapiz, en la conformaci\u00f3n de una galer\u00eda tan obsesiva como desconcertante, es uno de los aciertos de esta Historia descabellada de la peluca, cuyo m\u00e9todo, un poco a la manera de los libros miscel\u00e1neos de la antig edad, consiste en la yuxtaposici\u00f3n de an\u00e9cdotas que propician y encauzan a la reflexi\u00f3n, todo ello trenzado por una lucidez ir\u00f3nica de quien se revela como un observador sagaz. \u00abDel Neol\u00edtico a Lady Gaga, de Nefertiti a Vivaldi o de Casanova a Elton John (.) Luigi Amara decidi\u00f3 peinar a raya la historia de las pr\u00f3tesis desde nuestros ancestros (.) para llegar a ejemplos contempor\u00e1neos (.) un autor que, con descaro, documentaci\u00f3n y dosis de reflexi\u00f3n, ha logrado un texto que enhebra poes\u00eda y filosof\u00eda\u00bb (\u00c1ngeles L\u00f3pez, La Raz\u00f3n).<\/p>\n","protected":false},"featured_media":5057,"comment_status":"closed","ping_status":"closed","template":"","meta":[],"class_list":{"0":"post-3482","1":"product","2":"type-product","3":"status-publish","4":"has-post-thumbnail","6":"product_cat-narrativa","7":"post","9":"first","10":"instock","11":"taxable","12":"shipping-taxable","13":"purchasable","14":"product-type-simple"},"_links":{"self":[{"href":"https:\/\/cienfuegos.fr\/index.php\/wp-json\/wp\/v2\/product\/3482","targetHints":{"allow":["GET"]}}],"collection":[{"href":"https:\/\/cienfuegos.fr\/index.php\/wp-json\/wp\/v2\/product"}],"about":[{"href":"https:\/\/cienfuegos.fr\/index.php\/wp-json\/wp\/v2\/types\/product"}],"replies":[{"embeddable":true,"href":"https:\/\/cienfuegos.fr\/index.php\/wp-json\/wp\/v2\/comments?post=3482"}],"wp:featuredmedia":[{"embeddable":true,"href":"https:\/\/cienfuegos.fr\/index.php\/wp-json\/wp\/v2\/media\/5057"}],"wp:attachment":[{"href":"https:\/\/cienfuegos.fr\/index.php\/wp-json\/wp\/v2\/media?parent=3482"}],"curies":[{"name":"wp","href":"https:\/\/api.w.org\/{rel}","templated":true}]}}