{"id":3469,"date":"2020-07-13T17:14:54","date_gmt":"2020-07-13T15:14:54","guid":{"rendered":"https:\/\/cienfuegos.fr\/?post_type=product&#038;p=3469"},"modified":"2020-08-09T06:52:22","modified_gmt":"2020-08-09T04:52:22","slug":"luis-bunuel-la-novela","status":"publish","type":"product","link":"https:\/\/cienfuegos.fr\/index.php\/product\/luis-bunuel-la-novela\/","title":{"rendered":"Luis Bu\u00f1uel, novela"},"content":{"rendered":"","protected":false},"excerpt":{"rendered":"<p>Autor: Aub, Max<br \/>\nEditorial: Cuadernos del Vig\u00eda<br \/>\nA\u00f1o de publicaci\u00f3n: 2013<br \/>\nN\u00famero de p\u00e1ginas:<br \/>\nI.S.B.N:<\/p>\n<p>\u00abLuis Bu\u00f1uel, novela\u00bb es la \u00faltima gran obra de Max Aub que aparece ahora por primera vez. Una impresionante y singular biograf\u00eda que nos descubre al verdadero cineasta hispano-mexicano y nos entrega un grandioso retrato de su generaci\u00f3n y un afinad\u00edsimo y novedoso estudio de las vanguardias europeas de principios del siglo XX. Un relato imprescindible para el conocer la cultura de la \u00e9poca que vivieron estos dos grandes protagonistas de nuestro tiempo. Acompa\u00f1a a la edici\u00f3n un DVD con las grabaciones en audio que Max Aub hizo de las conversaciones que entre ellos se produjeron.<\/p>\n","protected":false},"featured_media":5081,"comment_status":"closed","ping_status":"closed","template":"","meta":[],"class_list":{"0":"post-3469","1":"product","2":"type-product","3":"status-publish","4":"has-post-thumbnail","6":"product_cat-narrativa","7":"post","9":"first","10":"instock","11":"taxable","12":"shipping-taxable","13":"purchasable","14":"product-type-simple"},"_links":{"self":[{"href":"https:\/\/cienfuegos.fr\/index.php\/wp-json\/wp\/v2\/product\/3469","targetHints":{"allow":["GET"]}}],"collection":[{"href":"https:\/\/cienfuegos.fr\/index.php\/wp-json\/wp\/v2\/product"}],"about":[{"href":"https:\/\/cienfuegos.fr\/index.php\/wp-json\/wp\/v2\/types\/product"}],"replies":[{"embeddable":true,"href":"https:\/\/cienfuegos.fr\/index.php\/wp-json\/wp\/v2\/comments?post=3469"}],"wp:featuredmedia":[{"embeddable":true,"href":"https:\/\/cienfuegos.fr\/index.php\/wp-json\/wp\/v2\/media\/5081"}],"wp:attachment":[{"href":"https:\/\/cienfuegos.fr\/index.php\/wp-json\/wp\/v2\/media?parent=3469"}],"curies":[{"name":"wp","href":"https:\/\/api.w.org\/{rel}","templated":true}]}}