{"id":3455,"date":"2020-07-13T17:14:32","date_gmt":"2020-07-13T15:14:32","guid":{"rendered":"https:\/\/cienfuegos.fr\/?post_type=product&#038;p=3455"},"modified":"2020-08-16T08:09:07","modified_gmt":"2020-08-16T06:09:07","slug":"los-rios-profundos","status":"publish","type":"product","link":"https:\/\/cienfuegos.fr\/index.php\/product\/los-rios-profundos\/","title":{"rendered":"Los r\u00edos profundos"},"content":{"rendered":"","protected":false},"excerpt":{"rendered":"<p>Autor: Arguedas, Jos\u00e9 Mar\u00eda<br \/>\nEditorial: Casa de las Am\u00e9ricas<br \/>\nA\u00f1o de publicaci\u00f3n:<br \/>\nN\u00famero de p\u00e1ginas:<br \/>\nI.S.B.N:<\/p>\n<p>Usado, fatigado.<\/p>\n","protected":false},"featured_media":5069,"comment_status":"closed","ping_status":"closed","template":"","meta":[],"class_list":{"0":"post-3455","1":"product","2":"type-product","3":"status-publish","4":"has-post-thumbnail","6":"product_cat-narrativa","7":"post","9":"first","10":"instock","11":"taxable","12":"shipping-taxable","13":"purchasable","14":"product-type-simple"},"_links":{"self":[{"href":"https:\/\/cienfuegos.fr\/index.php\/wp-json\/wp\/v2\/product\/3455","targetHints":{"allow":["GET"]}}],"collection":[{"href":"https:\/\/cienfuegos.fr\/index.php\/wp-json\/wp\/v2\/product"}],"about":[{"href":"https:\/\/cienfuegos.fr\/index.php\/wp-json\/wp\/v2\/types\/product"}],"replies":[{"embeddable":true,"href":"https:\/\/cienfuegos.fr\/index.php\/wp-json\/wp\/v2\/comments?post=3455"}],"wp:featuredmedia":[{"embeddable":true,"href":"https:\/\/cienfuegos.fr\/index.php\/wp-json\/wp\/v2\/media\/5069"}],"wp:attachment":[{"href":"https:\/\/cienfuegos.fr\/index.php\/wp-json\/wp\/v2\/media?parent=3455"}],"curies":[{"name":"wp","href":"https:\/\/api.w.org\/{rel}","templated":true}]}}