{"id":3454,"date":"2020-07-13T17:14:31","date_gmt":"2020-07-13T15:14:31","guid":{"rendered":"https:\/\/cienfuegos.fr\/?post_type=product&#038;p=3454"},"modified":"2020-10-14T14:41:36","modified_gmt":"2020-10-14T12:41:36","slug":"a-proposito-de-majorana","status":"publish","type":"product","link":"https:\/\/cienfuegos.fr\/index.php\/product\/a-proposito-de-majorana\/","title":{"rendered":"A prop\u00f3sito de Majorana"},"content":{"rendered":"","protected":false},"excerpt":{"rendered":"<p>Autor: Arg\u00fcello<br \/>\nEditorial:<br \/>\nA\u00f1o de publicaci\u00f3n:<br \/>\nN\u00famero de p\u00e1ginas:<br \/>\nI.S.B.N:<\/p>\n<p>Marzo de 1938, el gran f\u00edsico italiano Ettore Majorana desaparece en extra\u00f1as circunstancias de un ferry que lo lleva de Palermo a N\u00e1poles. En septiembre de 2012, el frustrado periodista argentino Ernesto Aguiar es enviado a N\u00e1poles para investigar su extrav\u00edo. Despu\u00e9s de seguir varias pistas, Aguiar descubre que Majorana desarroll\u00f3 una teor\u00eda acerca de la existencia de varios \u00f3rdenes de realidad que pueden coexistir y que pronto comienzan a afectar su propia vida. Javier Arg\u00fcello ha sido reconocido como uno de los escritores m\u00e1s s\u00f3lidos e innovadores de su generaci\u00f3n. En esta novela, nos remonta a un universo misterioso en donde los tiempos se confunden en sinton\u00eda con los principios de la f\u00edsica cu\u00e1ntica. A prop\u00f3sito de Majorana es una confirmaci\u00f3n de la admirable capacidad del autor para desplegar un aserie de reflexiones sugerentes y profundas dentro de una historia que atrapa al lector desde la primera p\u00e1gina. \u00abSiempre estuve convencido de su gran talento de escritor, que ya era muy visible en sus primeros cuentos. La cuesti\u00f3n estaba en si querr\u00eda seguir escribiendo. Si lo hac\u00eda, no tardar\u00eda en confirmar su genio. Era s\u00f3lo cuesti\u00f3n de tiempo. \u00bb<\/p>\n","protected":false},"featured_media":5068,"comment_status":"closed","ping_status":"closed","template":"","meta":[],"class_list":{"0":"post-3454","1":"product","2":"type-product","3":"status-publish","4":"has-post-thumbnail","6":"product_cat-narrativa","7":"post","9":"first","10":"outofstock","11":"taxable","12":"shipping-taxable","13":"purchasable","14":"product-type-simple"},"_links":{"self":[{"href":"https:\/\/cienfuegos.fr\/index.php\/wp-json\/wp\/v2\/product\/3454","targetHints":{"allow":["GET"]}}],"collection":[{"href":"https:\/\/cienfuegos.fr\/index.php\/wp-json\/wp\/v2\/product"}],"about":[{"href":"https:\/\/cienfuegos.fr\/index.php\/wp-json\/wp\/v2\/types\/product"}],"replies":[{"embeddable":true,"href":"https:\/\/cienfuegos.fr\/index.php\/wp-json\/wp\/v2\/comments?post=3454"}],"wp:featuredmedia":[{"embeddable":true,"href":"https:\/\/cienfuegos.fr\/index.php\/wp-json\/wp\/v2\/media\/5068"}],"wp:attachment":[{"href":"https:\/\/cienfuegos.fr\/index.php\/wp-json\/wp\/v2\/media?parent=3454"}],"curies":[{"name":"wp","href":"https:\/\/api.w.org\/{rel}","templated":true}]}}