{"id":3444,"date":"2020-07-13T17:14:16","date_gmt":"2020-07-13T15:14:16","guid":{"rendered":"https:\/\/cienfuegos.fr\/?post_type=product&#038;p=3444"},"modified":"2020-08-16T08:24:06","modified_gmt":"2020-08-16T06:24:06","slug":"el-sueno-milenario","status":"publish","type":"product","link":"https:\/\/cienfuegos.fr\/index.php\/product\/el-sueno-milenario\/","title":{"rendered":"El sue\u00f1o milenario"},"content":{"rendered":"","protected":false},"excerpt":{"rendered":"<p>Autor: Cabanas, Antonio<br \/>\nEditorial:<br \/>\nA\u00f1o de publicaci\u00f3n:<br \/>\nN\u00famero de p\u00e1ginas:<br \/>\nI.S.B.N:<\/p>\n<p>Una apasionante novela de ambientaci\u00f3n contempor\u00e1nea, escrita con la habitual prosa directa y cultivada de Cabanas, que nos ense\u00f1a que cada segundo es valioso y la vida, sin duda, la mejor aventura. Tras visitar una casa de subastas, Julia se convierte en guardiana de una valiosa reliquia sin saber que esta oculta una antigua leyenda olvidada. Su destino la empuja a emprender un viaje que la conduce hasta El Cairo y, tambi\u00e9n, hacia aspectos de s\u00ed misma que hasta entonces desconoc\u00eda. Antonio Cabanas es autor, entre otras novelas, de El ladr\u00f3n de tumbas; La conjura del fara\u00f3n; El hijo del desierto; El secreto del Nilo y El camino de los dioses, publicadas en los diferentes sellos de Ediciones B.<br \/>\n*** Nota: Los env\u00edos a Espa\u00f1a peninsular, Baleares y Canarias se realizan a trav\u00e9s de mensajer\u00eda urgente. No aceptamos pedidos con destino a Ceuta y Melilla.<\/p>\n","protected":false},"featured_media":5038,"comment_status":"closed","ping_status":"closed","template":"","meta":[],"class_list":{"0":"post-3444","1":"product","2":"type-product","3":"status-publish","4":"has-post-thumbnail","6":"product_cat-narrativa","7":"post","9":"first","10":"instock","11":"taxable","12":"shipping-taxable","13":"purchasable","14":"product-type-simple"},"_links":{"self":[{"href":"https:\/\/cienfuegos.fr\/index.php\/wp-json\/wp\/v2\/product\/3444","targetHints":{"allow":["GET"]}}],"collection":[{"href":"https:\/\/cienfuegos.fr\/index.php\/wp-json\/wp\/v2\/product"}],"about":[{"href":"https:\/\/cienfuegos.fr\/index.php\/wp-json\/wp\/v2\/types\/product"}],"replies":[{"embeddable":true,"href":"https:\/\/cienfuegos.fr\/index.php\/wp-json\/wp\/v2\/comments?post=3444"}],"wp:featuredmedia":[{"embeddable":true,"href":"https:\/\/cienfuegos.fr\/index.php\/wp-json\/wp\/v2\/media\/5038"}],"wp:attachment":[{"href":"https:\/\/cienfuegos.fr\/index.php\/wp-json\/wp\/v2\/media?parent=3444"}],"curies":[{"name":"wp","href":"https:\/\/api.w.org\/{rel}","templated":true}]}}