{"id":3432,"date":"2020-07-13T17:13:57","date_gmt":"2020-07-13T15:13:57","guid":{"rendered":"https:\/\/cienfuegos.fr\/?post_type=product&#038;p=3432"},"modified":"2020-08-16T21:56:26","modified_gmt":"2020-08-16T19:56:26","slug":"bajo-el-sol-jaguar-2","status":"publish","type":"product","link":"https:\/\/cienfuegos.fr\/index.php\/product\/bajo-el-sol-jaguar-2\/","title":{"rendered":"Bajo el sol jaguar"},"content":{"rendered":"","protected":false},"excerpt":{"rendered":"<p>Autor: Calvino, Italo<br \/>\nEditorial: Siruela<br \/>\nA\u00f1o de publicaci\u00f3n:<br \/>\nN\u00famero de p\u00e1ginas:<br \/>\nI.S.B.N:<\/p>\n<p>Tres cuentos, tres sentidos: el olfato, el paladar, el o\u00eddo. Tres obras maestras.nLa sensualidad que se desprende de la lectura de estas tres breves obras maestras, y que nos embarga en la fantas\u00eda de un perfume muy especial, en el ritual casi mitol\u00f3gico de un peculiar sabor y en la inquietante multiplicidad de un sonido, nos ayuda a olvidar que el proyecto de Italo Calvino era el de completar este libro con los sentidos del tacto y de la vista. Dif\u00edcil ser\u00e1 borrar de la memoria la presencia casi corp\u00f3rea de los aromas que busca incesantemente ese elegante hombre maduro para su amante, los ex\u00f3ticos platos que despiertan el deseo en ese escritor que visita templos mexicanos o las obsesivas resonancias que amenazan a un rey demasiado poderoso \u00bfQui\u00e9n de nosotros no ha sido alguna vez v\u00edctima consentida de la persistente presencia de los sentidos? Surgen entonces los insinuantes fantasmas que pueblan en la sombra nuestra cotidiana rutina.<\/p>\n","protected":false},"featured_media":5026,"comment_status":"closed","ping_status":"closed","template":"","meta":[],"class_list":{"0":"post-3432","1":"product","2":"type-product","3":"status-publish","4":"has-post-thumbnail","6":"product_cat-narrativa","7":"post","9":"first","10":"instock","11":"taxable","12":"shipping-taxable","13":"purchasable","14":"product-type-simple"},"_links":{"self":[{"href":"https:\/\/cienfuegos.fr\/index.php\/wp-json\/wp\/v2\/product\/3432","targetHints":{"allow":["GET"]}}],"collection":[{"href":"https:\/\/cienfuegos.fr\/index.php\/wp-json\/wp\/v2\/product"}],"about":[{"href":"https:\/\/cienfuegos.fr\/index.php\/wp-json\/wp\/v2\/types\/product"}],"replies":[{"embeddable":true,"href":"https:\/\/cienfuegos.fr\/index.php\/wp-json\/wp\/v2\/comments?post=3432"}],"wp:featuredmedia":[{"embeddable":true,"href":"https:\/\/cienfuegos.fr\/index.php\/wp-json\/wp\/v2\/media\/5026"}],"wp:attachment":[{"href":"https:\/\/cienfuegos.fr\/index.php\/wp-json\/wp\/v2\/media?parent=3432"}],"curies":[{"name":"wp","href":"https:\/\/api.w.org\/{rel}","templated":true}]}}