{"id":3429,"date":"2020-07-13T17:13:52","date_gmt":"2020-07-13T15:13:52","guid":{"rendered":"https:\/\/cienfuegos.fr\/?post_type=product&#038;p=3429"},"modified":"2020-08-16T22:03:33","modified_gmt":"2020-08-16T20:03:33","slug":"la-hormiga-argentina","status":"publish","type":"product","link":"https:\/\/cienfuegos.fr\/index.php\/product\/la-hormiga-argentina\/","title":{"rendered":"La hormiga argentina"},"content":{"rendered":"","protected":false},"excerpt":{"rendered":"<p>Autor: Calvino, Italo<br \/>\nEditorial: Siruela<br \/>\nA\u00f1o de publicaci\u00f3n:<br \/>\nN\u00famero de p\u00e1ginas:<br \/>\nI.S.B.N:<\/p>\n<p>\u00abCuando vinimos a instalarnos no sab\u00edamos nada de las hormigas [. . . ] \u00bfc\u00f3mo pod\u00edamos imaginar la historia de las hormigas?\u00bb Siruela contin\u00faa su labor de recuperaci\u00f3n de toda la obra de Italo Calvino con La hormiga argentina, un relato publicado en 1952, que el propio Italo Calvino sit\u00faa junto a La nube de smog (Siruela, 2011) por una afinidad estructural y moral. Aqu\u00ed el \u00abdolor de vivir\u00bb proviene de la naturaleza: las hormigas que infestan la costa de Liguria, pero es semejante la actitud de modesto estoicismo del personaje central, quien no acepta ninguno de los modelos de comportamiento que se le proponen para hacer frente a la plaga de hormigas que invade su casa. Uno de los m\u00e1s logrados relatos de Calvino, en el que el m\u00e1s estricto realismo se transmuta repentinamente en la fantas\u00eda m\u00e1s desatada.<\/p>\n","protected":false},"featured_media":5023,"comment_status":"closed","ping_status":"closed","template":"","meta":[],"class_list":{"0":"post-3429","1":"product","2":"type-product","3":"status-publish","4":"has-post-thumbnail","6":"product_cat-narrativa","7":"post","9":"first","10":"instock","11":"taxable","12":"shipping-taxable","13":"purchasable","14":"product-type-simple"},"_links":{"self":[{"href":"https:\/\/cienfuegos.fr\/index.php\/wp-json\/wp\/v2\/product\/3429","targetHints":{"allow":["GET"]}}],"collection":[{"href":"https:\/\/cienfuegos.fr\/index.php\/wp-json\/wp\/v2\/product"}],"about":[{"href":"https:\/\/cienfuegos.fr\/index.php\/wp-json\/wp\/v2\/types\/product"}],"replies":[{"embeddable":true,"href":"https:\/\/cienfuegos.fr\/index.php\/wp-json\/wp\/v2\/comments?post=3429"}],"wp:featuredmedia":[{"embeddable":true,"href":"https:\/\/cienfuegos.fr\/index.php\/wp-json\/wp\/v2\/media\/5023"}],"wp:attachment":[{"href":"https:\/\/cienfuegos.fr\/index.php\/wp-json\/wp\/v2\/media?parent=3429"}],"curies":[{"name":"wp","href":"https:\/\/api.w.org\/{rel}","templated":true}]}}