{"id":3428,"date":"2020-07-13T17:13:50","date_gmt":"2020-07-13T15:13:50","guid":{"rendered":"https:\/\/cienfuegos.fr\/?post_type=product&#038;p=3428"},"modified":"2020-08-16T22:04:36","modified_gmt":"2020-08-16T20:04:36","slug":"seis-propuestas-para-el-proximo-milenio","status":"publish","type":"product","link":"https:\/\/cienfuegos.fr\/index.php\/product\/seis-propuestas-para-el-proximo-milenio\/","title":{"rendered":"Seis propuestas para el pr\u00f3ximo milenio"},"content":{"rendered":"","protected":false},"excerpt":{"rendered":"<p>Autor: Calvino, Italo<br \/>\nEditorial: Siruela<br \/>\nA\u00f1o de publicaci\u00f3n:<br \/>\nN\u00famero de p\u00e1ginas:<br \/>\nI.S.B.N:<\/p>\n<p>\u00abEl milenio que est\u00e1 por terminar ha asistido al nacimiento y a la expansi\u00f3n de las lenguas modernas de Occidente y de las literaturas que han explorado las posibilidades expresivas y cognoscitivas e imaginativas de esas lenguas. Ha sido tambi\u00e9n el milenio del libro, dado que ha visto c\u00f3mo el objeto libro adquir\u00eda la forma que nos es familiar. La se\u00f1al de que el milenio est\u00e1 por concluir tal vez sea la frecuencia con que nos interrogamos sobre la suerte de la literatura y del libro en la era tecnol\u00f3gica llamada postindustrial. No voy a aventurarme en previsiones de este tipo. Mi fe en el futuro de la literatura consiste en saber que hay cosas que s\u00f3lo la literatura, con sus medios espec\u00edficos, puede dar. Quisiera, pues, dedicar estas conferencias a algunos valores o cualidades o especificidades de la literatura que me son particularmente caros, tratando de situarlos en la perspectiva del nuevo milenio.\u00bb<\/p>\n","protected":false},"featured_media":5022,"comment_status":"closed","ping_status":"closed","template":"","meta":[],"class_list":{"0":"post-3428","1":"product","2":"type-product","3":"status-publish","4":"has-post-thumbnail","6":"product_cat-narrativa","7":"post","9":"first","10":"instock","11":"taxable","12":"shipping-taxable","13":"purchasable","14":"product-type-simple"},"_links":{"self":[{"href":"https:\/\/cienfuegos.fr\/index.php\/wp-json\/wp\/v2\/product\/3428","targetHints":{"allow":["GET"]}}],"collection":[{"href":"https:\/\/cienfuegos.fr\/index.php\/wp-json\/wp\/v2\/product"}],"about":[{"href":"https:\/\/cienfuegos.fr\/index.php\/wp-json\/wp\/v2\/types\/product"}],"replies":[{"embeddable":true,"href":"https:\/\/cienfuegos.fr\/index.php\/wp-json\/wp\/v2\/comments?post=3428"}],"wp:featuredmedia":[{"embeddable":true,"href":"https:\/\/cienfuegos.fr\/index.php\/wp-json\/wp\/v2\/media\/5022"}],"wp:attachment":[{"href":"https:\/\/cienfuegos.fr\/index.php\/wp-json\/wp\/v2\/media?parent=3428"}],"curies":[{"name":"wp","href":"https:\/\/api.w.org\/{rel}","templated":true}]}}