{"id":3426,"date":"2020-07-13T17:13:48","date_gmt":"2020-07-13T15:13:48","guid":{"rendered":"https:\/\/cienfuegos.fr\/?post_type=product&#038;p=3426"},"modified":"2020-08-16T22:07:22","modified_gmt":"2020-08-16T20:07:22","slug":"la-gran-bonanza-de-las-antillas","status":"publish","type":"product","link":"https:\/\/cienfuegos.fr\/index.php\/product\/la-gran-bonanza-de-las-antillas\/","title":{"rendered":"La gran bonanza de las antillas"},"content":{"rendered":"","protected":false},"excerpt":{"rendered":"<p>Autor: Calvino, Italo<br \/>\nEditorial:<br \/>\nA\u00f1o de publicaci\u00f3n:<br \/>\nN\u00famero de p\u00e1ginas:<br \/>\nI.S.B.N:<\/p>\n<p>En estas brev\u00edsimas obras maestras se reconoce toda la demoledora iron\u00eda con la que Calvino interviene en los hechos cotidianos m\u00e1s nimios, todo el humor con que describe los absurdos del poder, toda la exuberante fantas\u00eda que en \u00e9l suscitan una situaci\u00f3n, un lugar, un objeto, una lectura o el modo de ser de una persona o de una comunidad. Desde la lucha tit\u00e1nica que libra uno de sus personajes contra el hielo a la hora de servirse unos cubitos hasta esa revoluci\u00f3n que se desencadena cuando el poder establecido hace concesiones para evitarla, pasando por las paradojas a las que se enfrenta Casanova y las entrevistas imaginarias con el hombre de Neanderthal, Moctezuma o Henry Ford, el lector se sentir\u00e1 hechizado por la inagotable imaginaci\u00f3n de Calvino.<\/p>\n","protected":false},"featured_media":5020,"comment_status":"closed","ping_status":"closed","template":"","meta":[],"class_list":{"0":"post-3426","1":"product","2":"type-product","3":"status-publish","4":"has-post-thumbnail","6":"product_cat-narrativa","7":"post","9":"first","10":"instock","11":"taxable","12":"shipping-taxable","13":"purchasable","14":"product-type-simple"},"_links":{"self":[{"href":"https:\/\/cienfuegos.fr\/index.php\/wp-json\/wp\/v2\/product\/3426","targetHints":{"allow":["GET"]}}],"collection":[{"href":"https:\/\/cienfuegos.fr\/index.php\/wp-json\/wp\/v2\/product"}],"about":[{"href":"https:\/\/cienfuegos.fr\/index.php\/wp-json\/wp\/v2\/types\/product"}],"replies":[{"embeddable":true,"href":"https:\/\/cienfuegos.fr\/index.php\/wp-json\/wp\/v2\/comments?post=3426"}],"wp:featuredmedia":[{"embeddable":true,"href":"https:\/\/cienfuegos.fr\/index.php\/wp-json\/wp\/v2\/media\/5020"}],"wp:attachment":[{"href":"https:\/\/cienfuegos.fr\/index.php\/wp-json\/wp\/v2\/media?parent=3426"}],"curies":[{"name":"wp","href":"https:\/\/api.w.org\/{rel}","templated":true}]}}