{"id":3421,"date":"2020-07-13T17:13:39","date_gmt":"2020-07-13T15:13:39","guid":{"rendered":"https:\/\/cienfuegos.fr\/?post_type=product&#038;p=3421"},"modified":"2020-08-16T22:18:21","modified_gmt":"2020-08-16T20:18:21","slug":"la-nube-de-smog","status":"publish","type":"product","link":"https:\/\/cienfuegos.fr\/index.php\/product\/la-nube-de-smog\/","title":{"rendered":"La nube de smog"},"content":{"rendered":"","protected":false},"excerpt":{"rendered":"<p>Autor: Calvino, Italo<br \/>\nEditorial: Siruela<br \/>\nA\u00f1o de publicaci\u00f3n:<br \/>\nN\u00famero de p\u00e1ginas:<br \/>\nI.S.B.N:<\/p>\n<p>El protagonista de La nube de smog lucha sin ilusi\u00f3n contra una de las grandes amenazas de las sociedades industrializadas: la contaminaci\u00f3n atmosf\u00e9rica. Decidido a conservar la lucidez, su actitud no le impide indagar en la opaca realidad que le rodea. \u00abLa nube de smog es un relato continuamente tentado por convertirse en algo distinto: ensayo sociol\u00f3gico o diario \u00edntimo; pero ante esas tentaciones [el autor] consigue oponer siempre su t\u00e1ctica defensiva, a base de gags c\u00f3micos y de encogerse de hombros, lo que le permite permanecer suspendido en ese clima que le es tan propio, entre transfiguraci\u00f3n simb\u00f3lica, actualidad extra\u00edda de lo real, desahogos de humor y poema en prosa. Imagen e ideograma del mundo al que tenemos que hacer frente es el smog, la niebla humosa y cargada de detritos qu\u00edmicos de las ciudades industriales. Cada uno de sus personajes tiene su propia manera de contraponerse a ella. En medio de ellos, el an\u00f3nimo protagonista parece rechazar toda ilusoria evasi\u00f3n y toda transposici\u00f3n ideal, y se obstina en mirar las cosas como son, en mirar sin apartar nunca la vista. Si algo \u00e9l se espera, es \u00fanicamente de aquello que ve, una imagen que contraponer a otra imagen; y el relato se cierra sin asegurarnos que la haya encontrado, limit\u00e1ndose a no excluir que sea posible encontrarla. \u00bb Italo Calvino<\/p>\n","protected":false},"featured_media":5015,"comment_status":"closed","ping_status":"closed","template":"","meta":[],"class_list":{"0":"post-3421","1":"product","2":"type-product","3":"status-publish","4":"has-post-thumbnail","6":"product_cat-narrativa","7":"post","9":"first","10":"instock","11":"taxable","12":"shipping-taxable","13":"purchasable","14":"product-type-simple"},"_links":{"self":[{"href":"https:\/\/cienfuegos.fr\/index.php\/wp-json\/wp\/v2\/product\/3421","targetHints":{"allow":["GET"]}}],"collection":[{"href":"https:\/\/cienfuegos.fr\/index.php\/wp-json\/wp\/v2\/product"}],"about":[{"href":"https:\/\/cienfuegos.fr\/index.php\/wp-json\/wp\/v2\/types\/product"}],"replies":[{"embeddable":true,"href":"https:\/\/cienfuegos.fr\/index.php\/wp-json\/wp\/v2\/comments?post=3421"}],"wp:featuredmedia":[{"embeddable":true,"href":"https:\/\/cienfuegos.fr\/index.php\/wp-json\/wp\/v2\/media\/5015"}],"wp:attachment":[{"href":"https:\/\/cienfuegos.fr\/index.php\/wp-json\/wp\/v2\/media?parent=3421"}],"curies":[{"name":"wp","href":"https:\/\/api.w.org\/{rel}","templated":true}]}}