{"id":3416,"date":"2020-07-13T17:13:32","date_gmt":"2020-07-13T15:13:32","guid":{"rendered":"https:\/\/cienfuegos.fr\/?post_type=product&#038;p=3416"},"modified":"2020-08-16T22:23:08","modified_gmt":"2020-08-16T20:23:08","slug":"cuentos-completos-4","status":"publish","type":"product","link":"https:\/\/cienfuegos.fr\/index.php\/product\/cuentos-completos-4\/","title":{"rendered":"Cuentos completos"},"content":{"rendered":"","protected":false},"excerpt":{"rendered":"<p>Autor: Caicedo, Andr\u00e9s<br \/>\nEditorial: Alfaguara<br \/>\nA\u00f1o de publicaci\u00f3n:<br \/>\nN\u00famero de p\u00e1ginas:<br \/>\nI.S.B.N:<\/p>\n<p>Por primera vez se re\u00fanen en un solo volumen los cuentos completos de una aut\u00e9ntica leyenda literaria, Andr\u00e9s Caicedo, en esta edici\u00f3n que incluye la reproducci\u00f3n facs\u00edmil de su primer relato, \u00abEl Ideal\u00bb, in\u00e9dito hasta el momento. Casi cuarenta a\u00f1os despu\u00e9s de su muerte, la obra de este autor ic\u00f3nico de la literatura colombiana resulta m\u00e1s fascinante y rompedora que nunca. Andr\u00e9s Caicedo es un fen\u00f3meno literario excepcional: cada libro suyo que se reedita parece que fuera una novedad. Su t\u00e9cnica narrativa sigue sorprendiendo y todas aquellas constantes en su obra (el desacomodo social, las inquietudes existenciales, la dificultad para aceptar la realidad que nos rodea, el rechazo a toda convenci\u00f3n. . . ) tienen absoluta actualidad. Relatos como \u00abEl atravesado\u00bb, \u00abDestinos fatales\u00bb y \u00abCanibalismo\u00bb son t\u00edtulos emblem\u00e1ticos que forman parte de una obra cuent\u00edstica que renov\u00f3 la literatura en espa\u00f1ol. Una obra que ha servido de inspiraci\u00f3n a toda una generaci\u00f3n por la angustia, el \u00edmpetu y la rebeld\u00eda que Caicedo supo plasmar en ella, y que resulta hoy de plena vigencia. La opini\u00f3n de otros autores y de la cr\u00edtica: \u00abEl mundo de Calicalabozo, ese mundo macabro poblado solamente por angelitos empantanados, obsesionado por contar historias para jovencitos -\u00abCali es una ciudad solo para adolescentes\u00bb, sol\u00eda decir Caicedo-, ese mundo que traza con tanta crueldad los destinitos fatales de sus tristes protagonistas, est\u00e1 en todos estos cuentos: su oscuridad, sus vidas alucinadas, su sexualidad confusa, su existencia en los m\u00e1rgenes, sus brutales estrategias para huir del sufrimiento (el de la juventud, que los personajes no saben distinguir del de la vida misma) que siempre acaban en el abismo, la perdici\u00f3n y el desencuentro irremediable. Los cuentos de Caicedo, obsesionados como estaban por la juventud, se han negado -igual que se negaba Peter Pan- a envejecer. \u00bb Extracto del Pr\u00f3logo de Juan Gabriel V\u00e1zquez \u00abCaicedo tiene todo lo necesario para ascender en el hit parade de figuras de culto: una escritura torrencial, pasiones complementarias por el cine y la m\u00fasica, vida enigm\u00e1tica y final brusco. \u00bb<\/p>\n","protected":false},"featured_media":5028,"comment_status":"closed","ping_status":"closed","template":"","meta":[],"class_list":{"0":"post-3416","1":"product","2":"type-product","3":"status-publish","4":"has-post-thumbnail","6":"product_cat-narrativa","7":"post","9":"first","10":"instock","11":"taxable","12":"shipping-taxable","13":"purchasable","14":"product-type-simple"},"_links":{"self":[{"href":"https:\/\/cienfuegos.fr\/index.php\/wp-json\/wp\/v2\/product\/3416","targetHints":{"allow":["GET"]}}],"collection":[{"href":"https:\/\/cienfuegos.fr\/index.php\/wp-json\/wp\/v2\/product"}],"about":[{"href":"https:\/\/cienfuegos.fr\/index.php\/wp-json\/wp\/v2\/types\/product"}],"replies":[{"embeddable":true,"href":"https:\/\/cienfuegos.fr\/index.php\/wp-json\/wp\/v2\/comments?post=3416"}],"wp:featuredmedia":[{"embeddable":true,"href":"https:\/\/cienfuegos.fr\/index.php\/wp-json\/wp\/v2\/media\/5028"}],"wp:attachment":[{"href":"https:\/\/cienfuegos.fr\/index.php\/wp-json\/wp\/v2\/media?parent=3416"}],"curies":[{"name":"wp","href":"https:\/\/api.w.org\/{rel}","templated":true}]}}