{"id":3410,"date":"2020-07-13T17:13:23","date_gmt":"2020-07-13T15:13:23","guid":{"rendered":"https:\/\/cienfuegos.fr\/?post_type=product&#038;p=3410"},"modified":"2020-08-16T22:52:34","modified_gmt":"2020-08-16T20:52:34","slug":"el-asco","status":"publish","type":"product","link":"https:\/\/cienfuegos.fr\/index.php\/product\/el-asco\/","title":{"rendered":"El asco"},"content":{"rendered":"","protected":false},"excerpt":{"rendered":"<p>Autor: CastellanosMoya, Horacio<br \/>\nEditorial: Random House<br \/>\nA\u00f1o de publicaci\u00f3n:<br \/>\nN\u00famero de p\u00e1ginas:<br \/>\nI.S.B.N:<\/p>\n<p>El asco , una de las novelas m\u00e1s celebradas de Horacio Castellanos Moya, es sin duda la m\u00e1s controvertida de toda su producci\u00f3n y aquella por la que los lectores de su pa\u00eds le recordar\u00e1n siempre. En sus p\u00e1ginas, el autor se propuso \u00abhacer una demolici\u00f3n cultural y pol\u00edtica de San Salvador, al igual que Thomas Bernhard la hab\u00eda hecho de Salzburgo\u00bb, y el resultado es una novela extraordinariamente incisiva y mordaz, un ajuste de cuentas y una cr\u00edtica feroz a su pa\u00eds, por la que recibi\u00f3 amenazas de muerte que lo forzaron a emprender el camino del exilio. Tras la reciente muerte de su madre, el profesor Edgardo Vega regresa a El Salvador despu\u00e9s de dieciocho a\u00f1os de exilio en Canad\u00e1. Para Vega, retornar a su pa\u00eds natal significa tener que enfrentarse a un pa\u00eds que le resulta despreciable, repulsivo e ignorante, un lugar que solo es capaz de provocarle n\u00e1useas y el m\u00e1s alto grado de ansiedad. Todo esto le cuenta Vega a Moya, un antiguo compa\u00f1ero de escuela, y llega a nosotros en la forma de un mon\u00f3logo torrencial en el que el profesor arremete contra todo y contra todos, en una cr\u00edtica feroz y despiadada de la que no se salva nada ni nadie, ni siquiera su propia familia.<\/p>\n","protected":false},"featured_media":5004,"comment_status":"closed","ping_status":"closed","template":"","meta":[],"class_list":{"0":"post-3410","1":"product","2":"type-product","3":"status-publish","4":"has-post-thumbnail","6":"product_cat-narrativa","7":"post","9":"first","10":"instock","11":"taxable","12":"shipping-taxable","13":"purchasable","14":"product-type-simple"},"_links":{"self":[{"href":"https:\/\/cienfuegos.fr\/index.php\/wp-json\/wp\/v2\/product\/3410","targetHints":{"allow":["GET"]}}],"collection":[{"href":"https:\/\/cienfuegos.fr\/index.php\/wp-json\/wp\/v2\/product"}],"about":[{"href":"https:\/\/cienfuegos.fr\/index.php\/wp-json\/wp\/v2\/types\/product"}],"replies":[{"embeddable":true,"href":"https:\/\/cienfuegos.fr\/index.php\/wp-json\/wp\/v2\/comments?post=3410"}],"wp:featuredmedia":[{"embeddable":true,"href":"https:\/\/cienfuegos.fr\/index.php\/wp-json\/wp\/v2\/media\/5004"}],"wp:attachment":[{"href":"https:\/\/cienfuegos.fr\/index.php\/wp-json\/wp\/v2\/media?parent=3410"}],"curies":[{"name":"wp","href":"https:\/\/api.w.org\/{rel}","templated":true}]}}