{"id":3406,"date":"2020-07-13T17:13:17","date_gmt":"2020-07-13T15:13:17","guid":{"rendered":"https:\/\/cienfuegos.fr\/?post_type=product&#038;p=3406"},"modified":"2020-08-16T23:02:55","modified_gmt":"2020-08-16T21:02:55","slug":"los-cuerpos-del-verano","status":"publish","type":"product","link":"https:\/\/cienfuegos.fr\/index.php\/product\/los-cuerpos-del-verano\/","title":{"rendered":"Los cuerpos del verano"},"content":{"rendered":"","protected":false},"excerpt":{"rendered":"<p>Autor: Castagnet, Felipe<br \/>\nEditorial:<br \/>\nA\u00f1o de publicaci\u00f3n:<br \/>\nN\u00famero de p\u00e1ginas:<br \/>\nI.S.B.N:<\/p>\n<p>Mart\u00edn Felipe Castagnet naci\u00f3 en La Plata (Argentina) en 1986. Es doctor en Letras, traductor y editor. Los cuerpos del verano, su primera novela, fue publicada originalmente en Argentina en 2012 y lo convirti\u00f3 de inmediato en una revelaci\u00f3n literaria. Ese mismo a\u00f1o hab\u00eda obtenido en Francia el Premio a la Joven Literatura Latinoamericana que otorga la MEET. Fue traducida al ingl\u00e9s, al franc\u00e9s y al hebreo. En 2017 apareci\u00f3 Los mantras modernos, su segunda novela. El Hay Festival incluy\u00f3 a Castagnet entre los mejores escritores latinoamericanos menores de 40 a\u00f1os y fue incluido en la antolog\u00eda Bogot\u00e1 39.<\/p>\n","protected":false},"featured_media":5000,"comment_status":"closed","ping_status":"closed","template":"","meta":[],"class_list":{"0":"post-3406","1":"product","2":"type-product","3":"status-publish","4":"has-post-thumbnail","6":"product_cat-narrativa","7":"post","9":"first","10":"instock","11":"taxable","12":"shipping-taxable","13":"purchasable","14":"product-type-simple"},"_links":{"self":[{"href":"https:\/\/cienfuegos.fr\/index.php\/wp-json\/wp\/v2\/product\/3406","targetHints":{"allow":["GET"]}}],"collection":[{"href":"https:\/\/cienfuegos.fr\/index.php\/wp-json\/wp\/v2\/product"}],"about":[{"href":"https:\/\/cienfuegos.fr\/index.php\/wp-json\/wp\/v2\/types\/product"}],"replies":[{"embeddable":true,"href":"https:\/\/cienfuegos.fr\/index.php\/wp-json\/wp\/v2\/comments?post=3406"}],"wp:featuredmedia":[{"embeddable":true,"href":"https:\/\/cienfuegos.fr\/index.php\/wp-json\/wp\/v2\/media\/5000"}],"wp:attachment":[{"href":"https:\/\/cienfuegos.fr\/index.php\/wp-json\/wp\/v2\/media?parent=3406"}],"curies":[{"name":"wp","href":"https:\/\/api.w.org\/{rel}","templated":true}]}}