{"id":3404,"date":"2020-07-13T17:13:13","date_gmt":"2020-07-13T15:13:13","guid":{"rendered":"https:\/\/cienfuegos.fr\/?post_type=product&#038;p=3404"},"modified":"2020-08-16T23:09:19","modified_gmt":"2020-08-16T21:09:19","slug":"la-sopa-de-dios","status":"publish","type":"product","link":"https:\/\/cienfuegos.fr\/index.php\/product\/la-sopa-de-dios\/","title":{"rendered":"La sopa de dios"},"content":{"rendered":"","protected":false},"excerpt":{"rendered":"<p>Autor: Gregorio, Casamayor<br \/>\nEditorial: Acantilado<br \/>\nA\u00f1o de publicaci\u00f3n:<br \/>\nN\u00famero de p\u00e1ginas:<br \/>\nI.S.B.N:<\/p>\n<p>Fede Cort\u00e9s, desde la enfermer\u00eda de la c\u00e1rcel, rememora la monta\u00f1a rusa de su vida. Principal sospechoso de m\u00faltiples asesinatos, relata una historia que, escrita seg\u00fan los par\u00e1metros de la novela negra, nos adentra en una delirante atm\u00f3sfera vital, en la que la frontera entre el bien y el mal se difumina, y la felicidad, un bien escaso y finito, se reparte con la misma arbitrariedad que la justicia. \u00abSi yo me siento feliz, a mi vecino le habr\u00e1 tocado un ag\u00f3nico dolor de muelas. As\u00ed funciona la vida\u00bb.<\/p>\n","protected":false},"featured_media":4998,"comment_status":"closed","ping_status":"closed","template":"","meta":[],"class_list":{"0":"post-3404","1":"product","2":"type-product","3":"status-publish","4":"has-post-thumbnail","6":"product_cat-narrativa","7":"post","9":"first","10":"instock","11":"taxable","12":"shipping-taxable","13":"purchasable","14":"product-type-simple"},"_links":{"self":[{"href":"https:\/\/cienfuegos.fr\/index.php\/wp-json\/wp\/v2\/product\/3404","targetHints":{"allow":["GET"]}}],"collection":[{"href":"https:\/\/cienfuegos.fr\/index.php\/wp-json\/wp\/v2\/product"}],"about":[{"href":"https:\/\/cienfuegos.fr\/index.php\/wp-json\/wp\/v2\/types\/product"}],"replies":[{"embeddable":true,"href":"https:\/\/cienfuegos.fr\/index.php\/wp-json\/wp\/v2\/comments?post=3404"}],"wp:featuredmedia":[{"embeddable":true,"href":"https:\/\/cienfuegos.fr\/index.php\/wp-json\/wp\/v2\/media\/4998"}],"wp:attachment":[{"href":"https:\/\/cienfuegos.fr\/index.php\/wp-json\/wp\/v2\/media?parent=3404"}],"curies":[{"name":"wp","href":"https:\/\/api.w.org\/{rel}","templated":true}]}}