{"id":3403,"date":"2020-07-13T17:13:12","date_gmt":"2020-07-13T15:13:12","guid":{"rendered":"https:\/\/cienfuegos.fr\/?post_type=product&#038;p=3403"},"modified":"2020-08-16T23:16:35","modified_gmt":"2020-08-16T21:16:35","slug":"el-pozo","status":"publish","type":"product","link":"https:\/\/cienfuegos.fr\/index.php\/product\/el-pozo\/","title":{"rendered":"El pozo"},"content":{"rendered":"","protected":false},"excerpt":{"rendered":"<p>Autor: Casaccia, Gabriel<br \/>\nEditorial: Jorge Alvarez<br \/>\nA\u00f1o de publicaci\u00f3n: 1967<br \/>\nN\u00famero de p\u00e1ginas:<br \/>\nI.S.B.N:<\/p>\n<p>GABRIEL CASACCIA es el iniciador de la narrativa paraguaya contempor\u00e1nea: lo que en buena medida da a su obra un car\u00e1cter fundacional, y a su autor, el m\u00e9rito ins\u00f3lito de haber echado a andar el g\u00e9nero en un pa\u00eds novel\u00edsticamente in\u00e9dito. Antes de Casaccia, la novela y el cuento en el Paraguay s\u00f3lo conoc\u00edan esbozos y tentativas frustrados en la ausencia de una tradici\u00f3n novelesca, tan rica y adelantada en otros pa\u00edses de nuestra Am\u00e9rica. Pero no s\u00f3lo cronol\u00f3gicamente Casaccia es el fundador de la narrativa paraguaya actual; lo es tambi\u00e9n por la fuerza y coherencia de su mundo narrativo. No importa tanto que Casaccia sea un escritor geogr\u00e1ficamente localizado, como que el enfoque de un medio, de una colectividad determinados, le permita captar una imagen profunda y universal del hombre; revelar esa inquietante cuota de misterio que la realidad cotidiana ofrece a un verdadero creador para mostrarnos sus propios sue\u00f1os y obsesiones, y a trav\u00e9s de ellos, las obsesiones y los sue\u00f1os permanentes de todos. Estos cuentos de El Pozo, escritos con austeridad, con pasi\u00f3n, con desvelo, llanos, rencorosos y tiernos, reflejan una realidad concreta, al nivel de los buenos testimonios de nuestra literatura narrativa latinoamericana; pero, sobre todo, son un rastreo sin concesiones de esos mundos interiores donde el destino humano proyecta sus enigmas, sus luces y sus sombras. -Augusto Roa Bastos.<\/p>\n","protected":false},"featured_media":4997,"comment_status":"closed","ping_status":"closed","template":"","meta":[],"class_list":{"0":"post-3403","1":"product","2":"type-product","3":"status-publish","4":"has-post-thumbnail","6":"product_cat-narrativa","7":"post","9":"first","10":"instock","11":"taxable","12":"shipping-taxable","13":"purchasable","14":"product-type-simple"},"_links":{"self":[{"href":"https:\/\/cienfuegos.fr\/index.php\/wp-json\/wp\/v2\/product\/3403","targetHints":{"allow":["GET"]}}],"collection":[{"href":"https:\/\/cienfuegos.fr\/index.php\/wp-json\/wp\/v2\/product"}],"about":[{"href":"https:\/\/cienfuegos.fr\/index.php\/wp-json\/wp\/v2\/types\/product"}],"replies":[{"embeddable":true,"href":"https:\/\/cienfuegos.fr\/index.php\/wp-json\/wp\/v2\/comments?post=3403"}],"wp:featuredmedia":[{"embeddable":true,"href":"https:\/\/cienfuegos.fr\/index.php\/wp-json\/wp\/v2\/media\/4997"}],"wp:attachment":[{"href":"https:\/\/cienfuegos.fr\/index.php\/wp-json\/wp\/v2\/media?parent=3403"}],"curies":[{"name":"wp","href":"https:\/\/api.w.org\/{rel}","templated":true}]}}