{"id":3390,"date":"2020-07-13T17:12:52","date_gmt":"2020-07-13T15:12:52","guid":{"rendered":"https:\/\/cienfuegos.fr\/?post_type=product&#038;p=3390"},"modified":"2020-08-10T00:06:39","modified_gmt":"2020-08-09T22:06:39","slug":"otras-voces-otros-ambitos","status":"publish","type":"product","link":"https:\/\/cienfuegos.fr\/index.php\/product\/otras-voces-otros-ambitos\/","title":{"rendered":"Otras voces, otros \u00e1mbitos"},"content":{"rendered":"","protected":false},"excerpt":{"rendered":"<p>Autor: Capote, Truman<br \/>\nEditorial:<br \/>\nA\u00f1o de publicaci\u00f3n:<br \/>\nN\u00famero de p\u00e1ginas:<br \/>\nI.S.B.N:<\/p>\n<p>1 \u00aa Edici\u00f3n. Edit. Sudamericana, 1950 Buenos Aires. Colecci\u00f3n Horizonte. Traducci\u00f3n de Floreal Maz\u00eda. 8\u00baM (19x13cm) 260p. R\u00fastica ilustrada en estado aceptable. \u00abEl singular esquema tem\u00e1tico, su exquisita y omnipresente poes\u00eda, su raro clima de misterio y realidad, su vigorosa descripci\u00f3n de caracteres y su extraordinaria belleza descriptiva han logrado para este libro el aplauso un\u00e1nime de la cr\u00edtica. Su autor es un novelista nato. Este libro es la obra m\u00e1gica de un escritor con apenas 24 a\u00f1os y que a los diecisiete ya conoci\u00f3 los halagos del elogio al publicar su primer cuento. Esta novela es la historia de un hijo que busca a su padre, de un joven en busca de su identidad. Un muchacho de trece a\u00f1os, Joel Knoz, a la muerte de su madre en Nueva Orleans, es enviado a casa de su padre, a quien jam\u00e1s conoci\u00f3. En una ruinosa mansi\u00f3n de una aislada plantaci\u00f3n en el profundo Sur viven, con el padre de Joel, su madrastra, Miss Amy, el misterioso primo Randoplh ?personaje capital de la novela? y la criada, la negrita Missouri. Los escasos vecinos son personajes estramb\u00f3ticos, fuera de lo com\u00fan: las gemelas Idabel y Florabel, el diminuto centenario Jesus Fever, su nieta Zoo ?apu\u00f1alada por su novio el d\u00eda de la boda? y Little Sunshine, el negro ermita\u00f1o\u00bb.<\/p>\n","protected":false},"featured_media":4991,"comment_status":"closed","ping_status":"closed","template":"","meta":[],"class_list":{"0":"post-3390","1":"product","2":"type-product","3":"status-publish","4":"has-post-thumbnail","6":"product_cat-narrativa","7":"post","9":"first","10":"instock","11":"taxable","12":"shipping-taxable","13":"purchasable","14":"product-type-simple"},"_links":{"self":[{"href":"https:\/\/cienfuegos.fr\/index.php\/wp-json\/wp\/v2\/product\/3390","targetHints":{"allow":["GET"]}}],"collection":[{"href":"https:\/\/cienfuegos.fr\/index.php\/wp-json\/wp\/v2\/product"}],"about":[{"href":"https:\/\/cienfuegos.fr\/index.php\/wp-json\/wp\/v2\/types\/product"}],"replies":[{"embeddable":true,"href":"https:\/\/cienfuegos.fr\/index.php\/wp-json\/wp\/v2\/comments?post=3390"}],"wp:featuredmedia":[{"embeddable":true,"href":"https:\/\/cienfuegos.fr\/index.php\/wp-json\/wp\/v2\/media\/4991"}],"wp:attachment":[{"href":"https:\/\/cienfuegos.fr\/index.php\/wp-json\/wp\/v2\/media?parent=3390"}],"curies":[{"name":"wp","href":"https:\/\/api.w.org\/{rel}","templated":true}]}}