{"id":3389,"date":"2020-07-13T17:12:51","date_gmt":"2020-07-13T15:12:51","guid":{"rendered":"https:\/\/cienfuegos.fr\/?post_type=product&#038;p=3389"},"modified":"2020-08-18T16:47:48","modified_gmt":"2020-08-18T14:47:48","slug":"notas-sobre-literatura-y-el-sonido-de-las-cosas","status":"publish","type":"product","link":"https:\/\/cienfuegos.fr\/index.php\/product\/notas-sobre-literatura-y-el-sonido-de-las-cosas\/","title":{"rendered":"Notas sobre literatura y el sonido de las cosas"},"content":{"rendered":"","protected":false},"excerpt":{"rendered":"<p>Autor:<br \/>\nEditorial: Malpaso<br \/>\nA\u00f1o de publicaci\u00f3n:<br \/>\nN\u00famero de p\u00e1ginas:<br \/>\nI.S.B.N:<\/p>\n<p>Este volumen recoge las cr\u00f3nicas que Marcelo Cohen ha escrito, a lo largo de los \u00faltimos cuarenta a\u00f1os, sobre Barcelona y Buenos Aires, y algunos de sus mejores ensayos sobre sus grandes pasiones: la literatura, la m\u00fasica, la traducci\u00f3n y Maradona. Cohen nos ofrece brillantes disecciones sobre la literatura argentina contempor\u00e1nea, sobre el convulso contexto pol\u00edtico de su pa\u00eds, retratos de la Plaza Real de Barcelona o de la Estaci\u00f3n de Retiro de Madrid, lecturas en profundidad de Joseph Roth o Zurita, reflexiones sobre el arte de la traducci\u00f3n del que Cohen es un maestro, una teor\u00eda de la lectura en el autob\u00fas y en el metro y un intento de comprender el cambio clim\u00e1tico en forma de diario.<\/p>\n","protected":false},"featured_media":4990,"comment_status":"closed","ping_status":"closed","template":"","meta":[],"class_list":{"0":"post-3389","1":"product","2":"type-product","3":"status-publish","4":"has-post-thumbnail","6":"product_cat-narrativa","7":"post","9":"first","10":"instock","11":"taxable","12":"shipping-taxable","13":"purchasable","14":"product-type-simple"},"_links":{"self":[{"href":"https:\/\/cienfuegos.fr\/index.php\/wp-json\/wp\/v2\/product\/3389","targetHints":{"allow":["GET"]}}],"collection":[{"href":"https:\/\/cienfuegos.fr\/index.php\/wp-json\/wp\/v2\/product"}],"about":[{"href":"https:\/\/cienfuegos.fr\/index.php\/wp-json\/wp\/v2\/types\/product"}],"replies":[{"embeddable":true,"href":"https:\/\/cienfuegos.fr\/index.php\/wp-json\/wp\/v2\/comments?post=3389"}],"wp:featuredmedia":[{"embeddable":true,"href":"https:\/\/cienfuegos.fr\/index.php\/wp-json\/wp\/v2\/media\/4990"}],"wp:attachment":[{"href":"https:\/\/cienfuegos.fr\/index.php\/wp-json\/wp\/v2\/media?parent=3389"}],"curies":[{"name":"wp","href":"https:\/\/api.w.org\/{rel}","templated":true}]}}