{"id":3385,"date":"2020-07-13T17:12:44","date_gmt":"2020-07-13T15:12:44","guid":{"rendered":"https:\/\/cienfuegos.fr\/?post_type=product&#038;p=3385"},"modified":"2020-08-18T16:56:45","modified_gmt":"2020-08-18T14:56:45","slug":"trabaja-cuida-a-tus-hijos-paga","status":"publish","type":"product","link":"https:\/\/cienfuegos.fr\/index.php\/product\/trabaja-cuida-a-tus-hijos-paga\/","title":{"rendered":"Trabaj\u00e1. Cuid\u00e1 a tus hijos. Pag\u00e1&#8230;"},"content":{"rendered":"","protected":false},"excerpt":{"rendered":"<p>Autor: Cicero, Noah<br \/>\nEditorial: Metal\u00facida<br \/>\nA\u00f1o de publicaci\u00f3n:<br \/>\nN\u00famero de p\u00e1ginas:<br \/>\nI.S.B.N:<\/p>\n","protected":false},"featured_media":4986,"comment_status":"closed","ping_status":"closed","template":"","meta":[],"class_list":{"0":"post-3385","1":"product","2":"type-product","3":"status-publish","4":"has-post-thumbnail","6":"product_cat-narrativa","7":"post","9":"first","10":"instock","11":"taxable","12":"shipping-taxable","13":"purchasable","14":"product-type-simple"},"_links":{"self":[{"href":"https:\/\/cienfuegos.fr\/index.php\/wp-json\/wp\/v2\/product\/3385","targetHints":{"allow":["GET"]}}],"collection":[{"href":"https:\/\/cienfuegos.fr\/index.php\/wp-json\/wp\/v2\/product"}],"about":[{"href":"https:\/\/cienfuegos.fr\/index.php\/wp-json\/wp\/v2\/types\/product"}],"replies":[{"embeddable":true,"href":"https:\/\/cienfuegos.fr\/index.php\/wp-json\/wp\/v2\/comments?post=3385"}],"wp:featuredmedia":[{"embeddable":true,"href":"https:\/\/cienfuegos.fr\/index.php\/wp-json\/wp\/v2\/media\/4986"}],"wp:attachment":[{"href":"https:\/\/cienfuegos.fr\/index.php\/wp-json\/wp\/v2\/media?parent=3385"}],"curies":[{"name":"wp","href":"https:\/\/api.w.org\/{rel}","templated":true}]}}