{"id":3378,"date":"2020-07-13T17:12:34","date_gmt":"2020-07-13T15:12:34","guid":{"rendered":"https:\/\/cienfuegos.fr\/?post_type=product&#038;p=3378"},"modified":"2020-08-18T17:14:37","modified_gmt":"2020-08-18T15:14:37","slug":"la-distancia-que-nos-separa","status":"publish","type":"product","link":"https:\/\/cienfuegos.fr\/index.php\/product\/la-distancia-que-nos-separa\/","title":{"rendered":"La distancia que nos separa"},"content":{"rendered":"","protected":false},"excerpt":{"rendered":"<p>Autor: Cisneros, Renato<br \/>\nEditorial: Emec\u00e9<br \/>\nA\u00f1o de publicaci\u00f3n:<br \/>\nN\u00famero de p\u00e1ginas:<br \/>\nI.S.B.N:<\/p>\n<p>\u00abEs un libro impresionante, y haberlo escrito, adem\u00e1s de talento, demuestra un gran coraje.\u00bb Mario Vargas Llosa Si quiero entender a mi padre debo identificar nuestros puntos de intersecci\u00f3n, iluminar las zonas oscuras, buscar el contraste, resolver los acertijos que con el tiempo fui abandonando. Si consigo entender qui\u00e9n fue \u00e9l antes que yo naciera, quiz\u00e1 podr\u00e9 entender qui\u00e9n soy ahora que est\u00e1 muerto. Es en esas dos tit\u00e1nicas preguntas que se sostiene el enigma que me obsesiona: Qui\u00e9n era \u00e9l antes de m\u00ed. Qui\u00e9n soy yo despu\u00e9s de \u00e9l. Ese es mi objetivo sumario: reunir a esos hombres intermedios. \u00abCisneros pone un orden novelesco en el desorden inherente a toda vida humana, mientras va en busca del tiempo perdido y del padre a\u00f1orado\u00bb. Alfredo Bryce Echenique.<\/p>\n","protected":false},"featured_media":4981,"comment_status":"closed","ping_status":"closed","template":"","meta":[],"class_list":{"0":"post-3378","1":"product","2":"type-product","3":"status-publish","4":"has-post-thumbnail","6":"product_cat-narrativa","7":"post","9":"first","10":"instock","11":"taxable","12":"shipping-taxable","13":"purchasable","14":"product-type-simple"},"_links":{"self":[{"href":"https:\/\/cienfuegos.fr\/index.php\/wp-json\/wp\/v2\/product\/3378","targetHints":{"allow":["GET"]}}],"collection":[{"href":"https:\/\/cienfuegos.fr\/index.php\/wp-json\/wp\/v2\/product"}],"about":[{"href":"https:\/\/cienfuegos.fr\/index.php\/wp-json\/wp\/v2\/types\/product"}],"replies":[{"embeddable":true,"href":"https:\/\/cienfuegos.fr\/index.php\/wp-json\/wp\/v2\/comments?post=3378"}],"wp:featuredmedia":[{"embeddable":true,"href":"https:\/\/cienfuegos.fr\/index.php\/wp-json\/wp\/v2\/media\/4981"}],"wp:attachment":[{"href":"https:\/\/cienfuegos.fr\/index.php\/wp-json\/wp\/v2\/media?parent=3378"}],"curies":[{"name":"wp","href":"https:\/\/api.w.org\/{rel}","templated":true}]}}